{"id":1422,"date":"2020-05-14T12:26:37","date_gmt":"2020-05-14T09:26:37","guid":{"rendered":"https:\/\/woodbox.lv\/?post_type=product&#038;p=1422"},"modified":"2021-09-08T15:09:12","modified_gmt":"2021-09-08T12:09:12","slug":"p-10","status":"publish","type":"product","link":"https:\/\/woodbox.lv\/en\/produktu-katalogs\/koka-kastes\/slegta-veida-kaste\/p-10\/","title":{"rendered":"P-10"},"content":{"rendered":"<section class=\"wpb-content-wrapper\"><p>[vc_row css=&#8221;.vc_custom_1589370483608{margin-bottom: 0px !important;background-color: #d0d2d1 !important;}&#8221;][vc_column css=&#8221;.vc_custom_1455196654006{margin-top: -23px !important;}&#8221;]<div id=\"fullwidth-block-69dead48140b5\" class=\"fullwidth-block clearfix\"  style=\"background-color: #f0f3f2;padding-top: 110px;padding-bottom: 30px;\"><script type=\"text\/javascript\">if (typeof(gem_fix_fullwidth_position) == \"function\") { gem_fix_fullwidth_position(document.getElementById(\"fullwidth-block-69dead48140b5\")); }<\/script><div class=\"fullwidth-block-inner\"><div class=\"container\">[vc_row_inner][vc_column_inner width=&#8221;1\/3&#8243;]<div class=\"gem-icon-with-text gem-icon-with-text-icon-size-medium disable-mobile-centered gem-icon-with-text-float-right gem-icon-with-text-flow\" ><div style=\"margin-bottom:0px;margin-top:0px; \" class=\"gem-icon-with-text-icon\"><div class=\"gem-icon gem-icon-pack-material gem-icon-size-medium  gem-icon-shape-square gem-simple-icon\"  style=\"opacity: 1;\"><div class=\"gem-icon-inner\" style=\"\"><span class=\"gem-icon-half-1\" style=\"color: #48455b;\"><span class=\"back-angle\">&#xf1e6;<\/span><\/span><span class=\"gem-icon-half-2\" style=\"color: #48455b;\"><span class=\"back-angle\">&#xf1e6;<\/span><\/span><\/div><\/div><\/div><div class=\"gem-icon-with-text-content\" ><div class=\"gem-icon-with-text-text\">[vc_column_text]<\/p>\n<h6><span class=\"light\">k\u0101 ieg\u0101d\u0101ties?<br \/>\n<\/span><\/h6>\n<p>[\/vc_column_text]<\/div><\/div><div class=\"clearboth\"><\/div><\/div>[vc_empty_space height=&#8221;15px&#8221;][vc_column_text css=&#8221;.vc_custom_1589371151292{padding-right: 70px !important;}&#8221;]Aizpildi kontaktformu &#8220;PAS\u016aT\u012aT&#8221;,\u00a0 pievieno savus koment\u0101rus par apdari un pieg\u0101di. M\u0113s ar Tevi sazin\u0101simies dienas laik\u0101 &#8211; preciz\u0113sim un apstiprin\u0101sim pas\u016bt\u012bjumu.[\/vc_column_text][vc_empty_space height=&#8221;40px&#8221;]<div class=\"gem-button-container gem-button-position-left thegem-button-69dead48149156380    \"  ><a class=\"gem-button gem-button-size-tiny gem-button-style-outline gem-button-text-weight-normal gem-button-border-2\" data-ll-effect=\"drop-right-without-wrap\" style=\"border-radius: 3px;border-color: #026a2b;color: #026a2b;\" onmouseleave=\"this.style.borderColor='#026a2b';this.style.backgroundColor='transparent';this.style.color='#026a2b';\" onmouseenter=\"this.style.backgroundColor='#026a2b';this.style.color='#ffffff';\" href=\"#popmake-1734\" target=\"_self\">Pas\u016bt\u012bt<\/a><\/div> <div class=\"clearboth\"><\/div><style>#thegem-divider-69dead4814a8c {margin-top: 70px !important;}<\/style><div id=\"thegem-divider-69dead4814a8c\" class=\"gem-divider  \" style=\"\" ><\/div>[\/vc_column_inner][vc_column_inner width=&#8221;1\/3&#8243;]<div class=\"gem-icon-with-text gem-icon-with-text-icon-size-medium disable-mobile-centered gem-icon-with-text-float-right gem-icon-with-text-flow\" ><div style=\"margin-bottom:0px;margin-top:0px; \" class=\"gem-icon-with-text-icon\"><div class=\"gem-icon gem-icon-pack-material gem-icon-size-medium  gem-icon-shape-square gem-simple-icon\"  style=\"opacity: 1;\"><div class=\"gem-icon-inner\" style=\"\"><span class=\"gem-icon-half-1\" style=\"color: #48455b;\"><span class=\"back-angle\">&#xf15e;<\/span><\/span><span class=\"gem-icon-half-2\" style=\"color: #48455b;\"><span class=\"back-angle\">&#xf15e;<\/span><\/span><\/div><\/div><\/div><div class=\"gem-icon-with-text-content\" ><div class=\"gem-icon-with-text-text\">[vc_column_text]<\/p>\n<div class=\"title-h6\"><span class=\"light\">k\u0101 apmaks\u0101t?<br \/>\n<\/span><\/div>\n<p>[\/vc_column_text]<\/div><\/div><div class=\"clearboth\"><\/div><\/div>[vc_empty_space height=&#8221;15px&#8221;][vc_column_text css=&#8221;.vc_custom_1589371062870{padding-right: 70px !important;}&#8221;]P\u0113c pas\u016bt\u012bjuma apstiprin\u0101\u0161anas, Tu sa\u0146emsi r\u0113\u0137inu par izv\u0113l\u0113to preci un, ja nepiecie\u0161ams, pieg\u0101des izmaks\u0101m, k\u0101 ar\u012b vienosimies ar preces izgatavo\u0161anas laiku.[\/vc_column_text][vc_empty_space height=&#8221;40px&#8221;]<div class=\"gem-button-container gem-button-position-left thegem-button-69dead48150dd4247    \"  ><a title=\"Ieg\u0101de\" class=\"gem-button gem-button-size-tiny gem-button-style-outline gem-button-text-weight-normal gem-button-border-2\" data-ll-effect=\"drop-right-without-wrap\" style=\"border-radius: 3px;border-color: #026a2b;color: #026a2b;\" onmouseleave=\"this.style.borderColor='#026a2b';this.style.backgroundColor='transparent';this.style.color='#026a2b';\" onmouseenter=\"this.style.backgroundColor='#026a2b';this.style.color='#ffffff';\" href=\"https:\/\/woodbox.lv\/iegade\/\" target=\"_self\">Preces ieg\u0101de<\/a><\/div> <div class=\"clearboth\"><\/div><style>#thegem-divider-69dead481523b {margin-top: 70px !important;}<\/style><div id=\"thegem-divider-69dead481523b\" class=\"gem-divider  \" style=\"\" ><\/div>[\/vc_column_inner][vc_column_inner width=&#8221;1\/3&#8243;]<div class=\"gem-icon-with-text gem-icon-with-text-icon-size-medium disable-mobile-centered gem-icon-with-text-float-right gem-icon-with-text-flow\" ><div style=\"margin-bottom:0px;margin-top:0px; \" class=\"gem-icon-with-text-icon\"><div class=\"gem-icon gem-icon-pack-material gem-icon-size-medium  gem-icon-shape-square gem-simple-icon\"  style=\"opacity: 1;\"><div class=\"gem-icon-inner\" style=\"\"><span class=\"gem-icon-half-1\" style=\"color: #48455b;\"><span class=\"back-angle\">&#xf582;<\/span><\/span><span class=\"gem-icon-half-2\" style=\"color: #48455b;\"><span class=\"back-angle\">&#xf582;<\/span><\/span><\/div><\/div><\/div><div class=\"gem-icon-with-text-content\" ><div class=\"gem-icon-with-text-text\">[vc_column_text]<\/p>\n<h6><span class=\"light\">preces pieg\u0101de<br \/>\n<\/span><\/h6>\n<p>[\/vc_column_text]<\/div><\/div><div class=\"clearboth\"><\/div><\/div>[vc_empty_space height=&#8221;15px&#8221;][vc_column_text css=&#8221;.vc_custom_1589374819516{padding-right: 70px !important;}&#8221;]Preces iesp\u0113jas sa\u0146emt pie mums ra\u017eotn\u0113 &#8211; Roce\u017eos, maz\u0101kas vien\u012bbas varam nos\u016bt\u012bt ar pakom\u0101tu starpniec\u012bbu, k\u0101 ar\u012b pied\u0101v\u0101jam kurjera pakalpojumus.[\/vc_column_text][vc_empty_space height=&#8221;40px&#8221;]<div class=\"gem-button-container gem-button-position-left thegem-button-69dead481585d577    \"  ><a title=\"Ieg\u0101de\" class=\"gem-button gem-button-size-tiny gem-button-style-outline gem-button-text-weight-normal gem-button-border-2\" data-ll-effect=\"drop-right-without-wrap\" style=\"border-radius: 3px;border-color: #026a2b;color: #026a2b;\" onmouseleave=\"this.style.borderColor='#026a2b';this.style.backgroundColor='transparent';this.style.color='#026a2b';\" onmouseenter=\"this.style.backgroundColor='#026a2b';this.style.color='#ffffff';\" href=\"https:\/\/woodbox.lv\/iegade\/\" target=\"_self\">Preces ieg\u0101de<\/a><\/div> <div class=\"clearboth\"><\/div><style>#thegem-divider-69dead4815994 {margin-top: 70px !important;}<\/style><div id=\"thegem-divider-69dead4815994\" class=\"gem-divider  \" style=\"\" ><\/div>[\/vc_column_inner][\/vc_row_inner]<\/div><\/div><\/div>[\/vc_column][\/vc_row]<\/p>\n<\/section>","protected":false},"excerpt":{"rendered":"<p>Koka kaste ar b\u012bd\u0101mu b\u0113rza finiera v\u0101ku. Izgatavota no \u0113vel\u0113ta, priedes materi\u0101la, nekr\u0101sota.<\/p>\n<p>Ra\u017eots no Latvijas koka, Latvij\u0101.<\/p>\n<p>Izm\u0113rs <span class=\"fontstyle0\">378x168x91 mm<\/span><\/p>\n<p>Minim\u0101lais pas\u016bt\u012bjuma apjoms 30gab.<\/p>\n<p>Par preces pieejam\u012bbu sazin\u0101ties ar mums<\/p>\n","protected":false},"featured_media":1423,"comment_status":"closed","ping_status":"closed","template":"","meta":[],"product_cat":[73],"product_tag":[95,90,88],"yoast_head":"<!-- This site is optimized with the Yoast SEO plugin v20.2.1 - https:\/\/yoast.com\/wordpress\/plugins\/seo\/ -->\n<title>P-10 | WOODBOX.LV<\/title>\n<meta name=\"description\" content=\"Koka kaste ar b\u012bd\u0101mu b\u0113rza finiera v\u0101ku. Izgatavota no \u0113vel\u0113ta, priedes materi\u0101la, nekr\u0101sota.  Ra\u017eots no Latvijas koka, Latvij\u0101.  Izm\u0113rs 378x168x91 mm  Minim\u0101lais pas\u016bt\u012bjuma apjoms 30gab.  Par preces pieejam\u012bbu sazin\u0101ties ar mums\" \/>\n<meta name=\"robots\" content=\"index, follow, max-snippet:-1, max-image-preview:large, max-video-preview:-1\" \/>\n<link rel=\"canonical\" href=\"https:\/\/woodbox.lv\/produktu-katalogs\/koka-kastes\/slegta-veida-kaste\/p-10\/\" \/>\n<meta property=\"og:locale\" content=\"en_US\" \/>\n<meta property=\"og:type\" content=\"article\" \/>\n<meta property=\"og:title\" content=\"P-10 | WOODBOX.LV\" \/>\n<meta property=\"og:description\" content=\"Koka kaste ar b\u012bd\u0101mu b\u0113rza finiera v\u0101ku. Izgatavota no \u0113vel\u0113ta, priedes materi\u0101la, nekr\u0101sota.  Ra\u017eots no Latvijas koka, Latvij\u0101.  Izm\u0113rs 378x168x91 mm  Minim\u0101lais pas\u016bt\u012bjuma apjoms 30gab.  Par preces pieejam\u012bbu sazin\u0101ties ar mums\" \/>\n<meta property=\"og:url\" content=\"https:\/\/woodbox.lv\/produktu-katalogs\/koka-kastes\/slegta-veida-kaste\/p-10\/\" \/>\n<meta property=\"og:site_name\" content=\"WOODBOX.LV\" \/>\n<meta property=\"article:publisher\" content=\"https:\/\/www.facebook.com\/Woodbox-582625995100462\/\" \/>\n<meta property=\"article:modified_time\" content=\"2021-09-08T12:09:12+00:00\" \/>\n<meta property=\"og:image\" content=\"https:\/\/woodbox.lv\/wp-content\/uploads\/2020\/05\/P-10-koka-kaste_wood-box-1280w.jpg\" \/>\n\t<meta property=\"og:image:width\" content=\"1280\" \/>\n\t<meta property=\"og:image:height\" content=\"960\" \/>\n\t<meta property=\"og:image:type\" content=\"image\/jpeg\" \/>\n<meta name=\"twitter:label1\" content=\"Est. reading time\" \/>\n\t<meta name=\"twitter:data1\" content=\"1 minute\" \/>\n<script type=\"application\/ld+json\" class=\"yoast-schema-graph\">{\"@context\":\"https:\/\/schema.org\",\"@graph\":[{\"@type\":\"WebPage\",\"@id\":\"https:\/\/woodbox.lv\/produktu-katalogs\/koka-kastes\/slegta-veida-kaste\/p-10\/\",\"url\":\"https:\/\/woodbox.lv\/produktu-katalogs\/koka-kastes\/slegta-veida-kaste\/p-10\/\",\"name\":\"P-10 | WOODBOX.LV\",\"isPartOf\":{\"@id\":\"https:\/\/woodbox.lv\/#website\"},\"datePublished\":\"2020-05-14T09:26:37+00:00\",\"dateModified\":\"2021-09-08T12:09:12+00:00\",\"description\":\"Koka kaste ar b\u012bd\u0101mu b\u0113rza finiera v\u0101ku. Izgatavota no \u0113vel\u0113ta, priedes materi\u0101la, nekr\u0101sota. Ra\u017eots no Latvijas koka, Latvij\u0101. Izm\u0113rs 378x168x91 mm Minim\u0101lais pas\u016bt\u012bjuma apjoms 30gab. Par preces pieejam\u012bbu sazin\u0101ties ar mums\",\"breadcrumb\":{\"@id\":\"https:\/\/woodbox.lv\/produktu-katalogs\/koka-kastes\/slegta-veida-kaste\/p-10\/#breadcrumb\"},\"inLanguage\":\"en-US\",\"potentialAction\":[{\"@type\":\"ReadAction\",\"target\":[\"https:\/\/woodbox.lv\/produktu-katalogs\/koka-kastes\/slegta-veida-kaste\/p-10\/\"]}]},{\"@type\":\"BreadcrumbList\",\"@id\":\"https:\/\/woodbox.lv\/produktu-katalogs\/koka-kastes\/slegta-veida-kaste\/p-10\/#breadcrumb\",\"itemListElement\":[{\"@type\":\"ListItem\",\"position\":1,\"name\":\"Home\",\"item\":\"https:\/\/woodbox.lv\/en\/\"},{\"@type\":\"ListItem\",\"position\":2,\"name\":\"Woodbox catalogue\",\"item\":\"https:\/\/woodbox.lv\/woodbox-katalogs\/\"},{\"@type\":\"ListItem\",\"position\":3,\"name\":\"P-10\"}]},{\"@type\":\"WebSite\",\"@id\":\"https:\/\/woodbox.lv\/#website\",\"url\":\"https:\/\/woodbox.lv\/\",\"name\":\"WOODBOX.LV\",\"description\":\"Koka kastes un izstr\u0101d\u0101jumi\",\"publisher\":{\"@id\":\"https:\/\/woodbox.lv\/#organization\"},\"potentialAction\":[{\"@type\":\"SearchAction\",\"target\":{\"@type\":\"EntryPoint\",\"urlTemplate\":\"https:\/\/woodbox.lv\/?s={search_term_string}\"},\"query-input\":\"required name=search_term_string\"}],\"inLanguage\":\"en-US\"},{\"@type\":\"Organization\",\"@id\":\"https:\/\/woodbox.lv\/#organization\",\"name\":\"Woodbox\",\"url\":\"https:\/\/woodbox.lv\/\",\"logo\":{\"@type\":\"ImageObject\",\"inLanguage\":\"en-US\",\"@id\":\"https:\/\/woodbox.lv\/#\/schema\/logo\/image\/\",\"url\":\"https:\/\/woodbox.lv\/wp-content\/uploads\/2020\/05\/stills-logo.png\",\"contentUrl\":\"https:\/\/woodbox.lv\/wp-content\/uploads\/2020\/05\/stills-logo.png\",\"width\":200,\"height\":154,\"caption\":\"Woodbox\"},\"image\":{\"@id\":\"https:\/\/woodbox.lv\/#\/schema\/logo\/image\/\"},\"sameAs\":[\"https:\/\/www.facebook.com\/Woodbox-582625995100462\/\",\"https:\/\/www.instagram.com\/stillswoodbox\/\"]}]}<\/script>\n<!-- \/ Yoast SEO plugin. -->","yoast_head_json":{"title":"P-10 | WOODBOX.LV","description":"Koka kaste ar b\u012bd\u0101mu b\u0113rza finiera v\u0101ku. Izgatavota no \u0113vel\u0113ta, priedes materi\u0101la, nekr\u0101sota.  Ra\u017eots no Latvijas koka, Latvij\u0101.  Izm\u0113rs 378x168x91 mm  Minim\u0101lais pas\u016bt\u012bjuma apjoms 30gab.  Par preces pieejam\u012bbu sazin\u0101ties ar mums","robots":{"index":"index","follow":"follow","max-snippet":"max-snippet:-1","max-image-preview":"max-image-preview:large","max-video-preview":"max-video-preview:-1"},"canonical":"https:\/\/woodbox.lv\/produktu-katalogs\/koka-kastes\/slegta-veida-kaste\/p-10\/","og_locale":"en_US","og_type":"article","og_title":"P-10 | WOODBOX.LV","og_description":"Koka kaste ar b\u012bd\u0101mu b\u0113rza finiera v\u0101ku. Izgatavota no \u0113vel\u0113ta, priedes materi\u0101la, nekr\u0101sota.  Ra\u017eots no Latvijas koka, Latvij\u0101.  Izm\u0113rs 378x168x91 mm  Minim\u0101lais pas\u016bt\u012bjuma apjoms 30gab.  Par preces pieejam\u012bbu sazin\u0101ties ar mums","og_url":"https:\/\/woodbox.lv\/produktu-katalogs\/koka-kastes\/slegta-veida-kaste\/p-10\/","og_site_name":"WOODBOX.LV","article_publisher":"https:\/\/www.facebook.com\/Woodbox-582625995100462\/","article_modified_time":"2021-09-08T12:09:12+00:00","og_image":[{"width":1280,"height":960,"url":"https:\/\/woodbox.lv\/wp-content\/uploads\/2020\/05\/P-10-koka-kaste_wood-box-1280w.jpg","type":"image\/jpeg"}],"twitter_misc":{"Est. reading time":"1 minute"},"schema":{"@context":"https:\/\/schema.org","@graph":[{"@type":"WebPage","@id":"https:\/\/woodbox.lv\/produktu-katalogs\/koka-kastes\/slegta-veida-kaste\/p-10\/","url":"https:\/\/woodbox.lv\/produktu-katalogs\/koka-kastes\/slegta-veida-kaste\/p-10\/","name":"P-10 | WOODBOX.LV","isPartOf":{"@id":"https:\/\/woodbox.lv\/#website"},"datePublished":"2020-05-14T09:26:37+00:00","dateModified":"2021-09-08T12:09:12+00:00","description":"Koka kaste ar b\u012bd\u0101mu b\u0113rza finiera v\u0101ku. Izgatavota no \u0113vel\u0113ta, priedes materi\u0101la, nekr\u0101sota. Ra\u017eots no Latvijas koka, Latvij\u0101. Izm\u0113rs 378x168x91 mm Minim\u0101lais pas\u016bt\u012bjuma apjoms 30gab. Par preces pieejam\u012bbu sazin\u0101ties ar mums","breadcrumb":{"@id":"https:\/\/woodbox.lv\/produktu-katalogs\/koka-kastes\/slegta-veida-kaste\/p-10\/#breadcrumb"},"inLanguage":"en-US","potentialAction":[{"@type":"ReadAction","target":["https:\/\/woodbox.lv\/produktu-katalogs\/koka-kastes\/slegta-veida-kaste\/p-10\/"]}]},{"@type":"BreadcrumbList","@id":"https:\/\/woodbox.lv\/produktu-katalogs\/koka-kastes\/slegta-veida-kaste\/p-10\/#breadcrumb","itemListElement":[{"@type":"ListItem","position":1,"name":"Home","item":"https:\/\/woodbox.lv\/en\/"},{"@type":"ListItem","position":2,"name":"Woodbox catalogue","item":"https:\/\/woodbox.lv\/woodbox-katalogs\/"},{"@type":"ListItem","position":3,"name":"P-10"}]},{"@type":"WebSite","@id":"https:\/\/woodbox.lv\/#website","url":"https:\/\/woodbox.lv\/","name":"WOODBOX.LV","description":"Koka kastes un izstr\u0101d\u0101jumi","publisher":{"@id":"https:\/\/woodbox.lv\/#organization"},"potentialAction":[{"@type":"SearchAction","target":{"@type":"EntryPoint","urlTemplate":"https:\/\/woodbox.lv\/?s={search_term_string}"},"query-input":"required name=search_term_string"}],"inLanguage":"en-US"},{"@type":"Organization","@id":"https:\/\/woodbox.lv\/#organization","name":"Woodbox","url":"https:\/\/woodbox.lv\/","logo":{"@type":"ImageObject","inLanguage":"en-US","@id":"https:\/\/woodbox.lv\/#\/schema\/logo\/image\/","url":"https:\/\/woodbox.lv\/wp-content\/uploads\/2020\/05\/stills-logo.png","contentUrl":"https:\/\/woodbox.lv\/wp-content\/uploads\/2020\/05\/stills-logo.png","width":200,"height":154,"caption":"Woodbox"},"image":{"@id":"https:\/\/woodbox.lv\/#\/schema\/logo\/image\/"},"sameAs":["https:\/\/www.facebook.com\/Woodbox-582625995100462\/","https:\/\/www.instagram.com\/stillswoodbox\/"]}]}},"_links":{"self":[{"href":"https:\/\/woodbox.lv\/en\/wp-json\/wp\/v2\/product\/1422"}],"collection":[{"href":"https:\/\/woodbox.lv\/en\/wp-json\/wp\/v2\/product"}],"about":[{"href":"https:\/\/woodbox.lv\/en\/wp-json\/wp\/v2\/types\/product"}],"replies":[{"embeddable":true,"href":"https:\/\/woodbox.lv\/en\/wp-json\/wp\/v2\/comments?post=1422"}],"wp:featuredmedia":[{"embeddable":true,"href":"https:\/\/woodbox.lv\/en\/wp-json\/wp\/v2\/media\/1423"}],"wp:attachment":[{"href":"https:\/\/woodbox.lv\/en\/wp-json\/wp\/v2\/media?parent=1422"}],"wp:term":[{"taxonomy":"product_cat","embeddable":true,"href":"https:\/\/woodbox.lv\/en\/wp-json\/wp\/v2\/product_cat?post=1422"},{"taxonomy":"product_tag","embeddable":true,"href":"https:\/\/woodbox.lv\/en\/wp-json\/wp\/v2\/product_tag?post=1422"}],"curies":[{"name":"wp","href":"https:\/\/api.w.org\/{rel}","templated":true}]}}