{"id":430,"date":"2019-01-16T07:29:38","date_gmt":"2019-01-16T05:29:38","guid":{"rendered":"http:\/\/democontent.codex-themes.com\/sites\/shop-fashion\/?post_type=product&#038;p=430"},"modified":"2026-01-15T10:53:38","modified_gmt":"2026-01-15T08:53:38","slug":"c-2","status":"publish","type":"product","link":"https:\/\/woodbox.lv\/en\/produktu-katalogs\/koka-rotallietas\/c-2\/","title":{"rendered":"C-2"},"content":{"rendered":"<section class=\"wpb-content-wrapper\"><p>[vc_row css=&#8221;.vc_custom_1589370483608{margin-bottom: 0px !important;background-color: #d0d2d1 !important;}&#8221;][vc_column css=&#8221;.vc_custom_1455196654006{margin-top: -23px !important;}&#8221;]<div id=\"fullwidth-block-69fe057bd1345\" class=\"fullwidth-block clearfix\"  style=\"background-color: #f0f3f2;padding-top: 110px;padding-bottom: 30px;\"><script type=\"text\/javascript\">if (typeof(gem_fix_fullwidth_position) == \"function\") { gem_fix_fullwidth_position(document.getElementById(\"fullwidth-block-69fe057bd1345\")); }<\/script><div class=\"fullwidth-block-inner\"><div class=\"container\">[vc_row_inner][vc_column_inner width=&#8221;1\/3&#8243;]<div class=\"gem-icon-with-text gem-icon-with-text-icon-size-medium disable-mobile-centered gem-icon-with-text-float-right gem-icon-with-text-flow\" ><div style=\"margin-bottom:0px;margin-top:0px; \" class=\"gem-icon-with-text-icon\"><div class=\"gem-icon gem-icon-pack-material gem-icon-size-medium  gem-icon-shape-square gem-simple-icon\"  style=\"opacity: 1;\"><div class=\"gem-icon-inner\" style=\"\"><span class=\"gem-icon-half-1\" style=\"color: #48455b;\"><span class=\"back-angle\">&#xf1e6;<\/span><\/span><span class=\"gem-icon-half-2\" style=\"color: #48455b;\"><span class=\"back-angle\">&#xf1e6;<\/span><\/span><\/div><\/div><\/div><div class=\"gem-icon-with-text-content\" ><div class=\"gem-icon-with-text-text\">[vc_column_text]<\/p>\n<h6><span class=\"light\">k\u0101 ieg\u0101d\u0101ties?<br \/>\n<\/span><\/h6>\n<p>[\/vc_column_text]<\/div><\/div><div class=\"clearboth\"><\/div><\/div>[vc_empty_space height=&#8221;15px&#8221;][vc_column_text css=&#8221;.vc_custom_1589371151292{padding-right: 70px !important;}&#8221;]Aizpildi kontaktformu &#8220;PAS\u016aT\u012aT&#8221;,\u00a0 pievieno savus koment\u0101rus par apdari un pieg\u0101di. M\u0113s ar Tevi sazin\u0101simies dienas laik\u0101 &#8211; preciz\u0113sim un apstiprin\u0101sim pas\u016bt\u012bjumu.[\/vc_column_text][vc_empty_space height=&#8221;40px&#8221;]<div class=\"gem-button-container gem-button-position-left thegem-button-69fe057bd177f5107    \"  ><a class=\"gem-button gem-button-size-tiny gem-button-style-outline gem-button-text-weight-normal gem-button-border-2\" data-ll-effect=\"drop-right-without-wrap\" style=\"border-radius: 3px;border-color: #026a2b;color: #026a2b;\" onmouseleave=\"this.style.borderColor='#026a2b';this.style.backgroundColor='transparent';this.style.color='#026a2b';\" onmouseenter=\"this.style.backgroundColor='#026a2b';this.style.color='#ffffff';\" href=\"#popmake-1734\" target=\"_self\">Pas\u016bt\u012bt<\/a><\/div> <div class=\"clearboth\"><\/div><style>#thegem-divider-69fe057bd1813 {margin-top: 70px !important;}<\/style><div id=\"thegem-divider-69fe057bd1813\" class=\"gem-divider  \" style=\"\" ><\/div>[\/vc_column_inner][vc_column_inner width=&#8221;1\/3&#8243;]<div class=\"gem-icon-with-text gem-icon-with-text-icon-size-medium disable-mobile-centered gem-icon-with-text-float-right gem-icon-with-text-flow\" ><div style=\"margin-bottom:0px;margin-top:0px; \" class=\"gem-icon-with-text-icon\"><div class=\"gem-icon gem-icon-pack-material gem-icon-size-medium  gem-icon-shape-square gem-simple-icon\"  style=\"opacity: 1;\"><div class=\"gem-icon-inner\" style=\"\"><span class=\"gem-icon-half-1\" style=\"color: #48455b;\"><span class=\"back-angle\">&#xf15e;<\/span><\/span><span class=\"gem-icon-half-2\" style=\"color: #48455b;\"><span class=\"back-angle\">&#xf15e;<\/span><\/span><\/div><\/div><\/div><div class=\"gem-icon-with-text-content\" ><div class=\"gem-icon-with-text-text\">[vc_column_text]<\/p>\n<div class=\"title-h6\"><span class=\"light\">k\u0101 apmaks\u0101t?<br \/>\n<\/span><\/div>\n<p>[\/vc_column_text]<\/div><\/div><div class=\"clearboth\"><\/div><\/div>[vc_empty_space height=&#8221;15px&#8221;][vc_column_text css=&#8221;.vc_custom_1589371062870{padding-right: 70px !important;}&#8221;]P\u0113c pas\u016bt\u012bjuma apstiprin\u0101\u0161anas, Tu sa\u0146emsi r\u0113\u0137inu par izv\u0113l\u0113to preci un, ja nepiecie\u0161ams, pieg\u0101des izmaks\u0101m, k\u0101 ar\u012b vienosimies ar preces izgatavo\u0161anas laiku.[\/vc_column_text][vc_empty_space height=&#8221;40px&#8221;]<div class=\"gem-button-container gem-button-position-left thegem-button-69fe057bd1a9d4381    \"  ><a title=\"Ieg\u0101de\" class=\"gem-button gem-button-size-tiny gem-button-style-outline gem-button-text-weight-normal gem-button-border-2\" data-ll-effect=\"drop-right-without-wrap\" style=\"border-radius: 3px;border-color: #026a2b;color: #026a2b;\" onmouseleave=\"this.style.borderColor='#026a2b';this.style.backgroundColor='transparent';this.style.color='#026a2b';\" onmouseenter=\"this.style.backgroundColor='#026a2b';this.style.color='#ffffff';\" href=\"https:\/\/woodbox.lv\/iegade\/\" target=\"_self\">Preces ieg\u0101de<\/a><\/div> <div class=\"clearboth\"><\/div><style>#thegem-divider-69fe057bd1b1f {margin-top: 70px !important;}<\/style><div id=\"thegem-divider-69fe057bd1b1f\" class=\"gem-divider  \" style=\"\" ><\/div>[\/vc_column_inner][vc_column_inner width=&#8221;1\/3&#8243;]<div class=\"gem-icon-with-text gem-icon-with-text-icon-size-medium disable-mobile-centered gem-icon-with-text-float-right gem-icon-with-text-flow\" ><div style=\"margin-bottom:0px;margin-top:0px; \" class=\"gem-icon-with-text-icon\"><div class=\"gem-icon gem-icon-pack-material gem-icon-size-medium  gem-icon-shape-square gem-simple-icon\"  style=\"opacity: 1;\"><div class=\"gem-icon-inner\" style=\"\"><span class=\"gem-icon-half-1\" style=\"color: #48455b;\"><span class=\"back-angle\">&#xf582;<\/span><\/span><span class=\"gem-icon-half-2\" style=\"color: #48455b;\"><span class=\"back-angle\">&#xf582;<\/span><\/span><\/div><\/div><\/div><div class=\"gem-icon-with-text-content\" ><div class=\"gem-icon-with-text-text\">[vc_column_text]<\/p>\n<h6><span class=\"light\">preces pieg\u0101de<br \/>\n<\/span><\/h6>\n<p>[\/vc_column_text]<\/div><\/div><div class=\"clearboth\"><\/div><\/div>[vc_empty_space height=&#8221;15px&#8221;][vc_column_text css=&#8221;.vc_custom_1589371221607{padding-right: 70px !important;}&#8221;]Preces iesp\u0113jas sa\u0146emt pie mums ra\u017eotn\u0113 &#8211; Roce\u017eos, maz\u0101kas vien\u012bbas varam nos\u016bt\u012bt ar pakom\u0101tu starpniec\u012bbu, k\u0101 ar\u012b pied\u0101v\u0101jam kurjera pakalpojumus. Pas\u016btot, l\u016bdzu inform\u0113 par v\u0113lamo pieg\u0101des veidu.[\/vc_column_text][vc_empty_space height=&#8221;20px&#8221;]<div class=\"gem-button-container gem-button-position-left thegem-button-69fe057bd1da48714    \"  ><a title=\"Ieg\u0101de\" class=\"gem-button gem-button-size-tiny gem-button-style-outline gem-button-text-weight-normal gem-button-border-2\" data-ll-effect=\"drop-right-without-wrap\" style=\"border-radius: 3px;border-color: #026a2b;color: #026a2b;\" onmouseleave=\"this.style.borderColor='#026a2b';this.style.backgroundColor='transparent';this.style.color='#026a2b';\" onmouseenter=\"this.style.backgroundColor='#026a2b';this.style.color='#ffffff';\" href=\"https:\/\/woodbox.lv\/iegade\/\" target=\"_self\">Preces ieg\u0101de<\/a><\/div> <div class=\"clearboth\"><\/div><style>#thegem-divider-69fe057bd1e22 {margin-top: 70px !important;}<\/style><div id=\"thegem-divider-69fe057bd1e22\" class=\"gem-divider  \" style=\"\" ><\/div>[\/vc_column_inner][\/vc_row_inner]<\/div><\/div><\/div>[\/vc_column][\/vc_row]<\/p>\n<\/section>","protected":false},"excerpt":{"rendered":"<p>Koka kluc\u012b\u0161u kast\u012bte maz\u0101 (27 kluc\u012b\u0161i) Produkta kods: C2.<\/p>\n<p>Rota\u013cas ar kluc\u012b\u0161iem att\u012bsta redzi, tausti un dzirdi, vienlaikus satv\u0113rienu un roku kust\u012bbu precizit\u0101ti, statisko l\u012bdzsvara izj\u016btu, telpisko orient\u0101ciju, acu un roku sadarb\u012bbu, lo\u0123isko dom\u0101\u0161anu, prasmi sistematiz\u0113t utt. Pied\u0101v\u0101jam kluc\u012b\u0161us ar\u012b kr\u0101sot\u0101s kast\u012bt\u0113s.<\/p>\n<p>Izm\u0113rs 278x188x88 mm<\/p>\n<div class=\"woocommerce-product-details__short-description\">\n<p>L\u016bdzu, sazinieties ar mums par preces pieejam\u012bbu, izmantojot kontaktu formu vai ar\u012b caur epastu un telefonu.<\/p>\n<\/div>\n","protected":false},"featured_media":1223,"comment_status":"closed","ping_status":"closed","template":"","meta":[],"product_cat":[81],"product_tag":[86,85],"yoast_head":"<!-- This site is optimized with the Yoast SEO plugin v20.2.1 - https:\/\/yoast.com\/wordpress\/plugins\/seo\/ -->\n<title>C-2 | WOODBOX.LV<\/title>\n<meta name=\"description\" content=\"Koka kluc\u012b\u0161u kast\u012bte maz\u0101 (27 kluc\u012b\u0161i) Produkta kods: C2.  Rota\u013cas ar kluc\u012b\u0161iem att\u012bsta redzi, tausti un dzirdi, vienlaikus satv\u0113rienu un roku kust\u012bbu precizit\u0101ti, statisko l\u012bdzsvara izj\u016btu, telpisko orient\u0101ciju, acu un roku sadarb\u012bbu, lo\u0123isko dom\u0101\u0161anu, prasmi sistematiz\u0113t utt. Pied\u0101v\u0101jam kluc\u012b\u0161us ar\u012b kr\u0101sot\u0101s kast\u012bt\u0113s.  Izm\u0113rs 278x188x88 mm   L\u016bdzu, sazinieties ar mums par preces pieejam\u012bbu, izmantojot kontaktu formu vai ar\u012b caur epastu un telefonu.\" \/>\n<meta name=\"robots\" content=\"index, follow, max-snippet:-1, max-image-preview:large, max-video-preview:-1\" \/>\n<link rel=\"canonical\" href=\"https:\/\/woodbox.lv\/produktu-katalogs\/koka-rotallietas\/c-2\/\" \/>\n<meta property=\"og:locale\" content=\"en_US\" \/>\n<meta property=\"og:type\" content=\"article\" \/>\n<meta property=\"og:title\" content=\"C-2 | WOODBOX.LV\" \/>\n<meta property=\"og:description\" content=\"Koka kluc\u012b\u0161u kast\u012bte maz\u0101 (27 kluc\u012b\u0161i) Produkta kods: C2.  Rota\u013cas ar kluc\u012b\u0161iem att\u012bsta redzi, tausti un dzirdi, vienlaikus satv\u0113rienu un roku kust\u012bbu precizit\u0101ti, statisko l\u012bdzsvara izj\u016btu, telpisko orient\u0101ciju, acu un roku sadarb\u012bbu, lo\u0123isko dom\u0101\u0161anu, prasmi sistematiz\u0113t utt. Pied\u0101v\u0101jam kluc\u012b\u0161us ar\u012b kr\u0101sot\u0101s kast\u012bt\u0113s.  Izm\u0113rs 278x188x88 mm   L\u016bdzu, sazinieties ar mums par preces pieejam\u012bbu, izmantojot kontaktu formu vai ar\u012b caur epastu un telefonu.\" \/>\n<meta property=\"og:url\" content=\"https:\/\/woodbox.lv\/produktu-katalogs\/koka-rotallietas\/c-2\/\" \/>\n<meta property=\"og:site_name\" content=\"WOODBOX.LV\" \/>\n<meta property=\"article:publisher\" content=\"https:\/\/www.facebook.com\/Woodbox-582625995100462\/\" \/>\n<meta property=\"article:modified_time\" content=\"2026-01-15T08:53:38+00:00\" \/>\n<meta property=\"og:image\" content=\"https:\/\/woodbox.lv\/wp-content\/uploads\/2019\/01\/51-34-1280w.jpg\" \/>\n\t<meta property=\"og:image:width\" content=\"1280\" \/>\n\t<meta property=\"og:image:height\" content=\"854\" \/>\n\t<meta property=\"og:image:type\" content=\"image\/jpeg\" \/>\n<meta name=\"twitter:label1\" content=\"Est. reading time\" \/>\n\t<meta name=\"twitter:data1\" content=\"1 minute\" \/>\n<script type=\"application\/ld+json\" class=\"yoast-schema-graph\">{\"@context\":\"https:\/\/schema.org\",\"@graph\":[{\"@type\":\"WebPage\",\"@id\":\"https:\/\/woodbox.lv\/produktu-katalogs\/koka-rotallietas\/c-2\/\",\"url\":\"https:\/\/woodbox.lv\/produktu-katalogs\/koka-rotallietas\/c-2\/\",\"name\":\"C-2 | WOODBOX.LV\",\"isPartOf\":{\"@id\":\"https:\/\/woodbox.lv\/#website\"},\"datePublished\":\"2019-01-16T05:29:38+00:00\",\"dateModified\":\"2026-01-15T08:53:38+00:00\",\"description\":\"Koka kluc\u012b\u0161u kast\u012bte maz\u0101 (27 kluc\u012b\u0161i) Produkta kods: C2. Rota\u013cas ar kluc\u012b\u0161iem att\u012bsta redzi, tausti un dzirdi, vienlaikus satv\u0113rienu un roku kust\u012bbu precizit\u0101ti, statisko l\u012bdzsvara izj\u016btu, telpisko orient\u0101ciju, acu un roku sadarb\u012bbu, lo\u0123isko dom\u0101\u0161anu, prasmi sistematiz\u0113t utt. Pied\u0101v\u0101jam kluc\u012b\u0161us ar\u012b kr\u0101sot\u0101s kast\u012bt\u0113s. Izm\u0113rs 278x188x88 mm L\u016bdzu, sazinieties ar mums par preces pieejam\u012bbu, izmantojot kontaktu formu vai ar\u012b caur epastu un telefonu.\",\"breadcrumb\":{\"@id\":\"https:\/\/woodbox.lv\/produktu-katalogs\/koka-rotallietas\/c-2\/#breadcrumb\"},\"inLanguage\":\"en-US\",\"potentialAction\":[{\"@type\":\"ReadAction\",\"target\":[\"https:\/\/woodbox.lv\/produktu-katalogs\/koka-rotallietas\/c-2\/\"]}]},{\"@type\":\"BreadcrumbList\",\"@id\":\"https:\/\/woodbox.lv\/produktu-katalogs\/koka-rotallietas\/c-2\/#breadcrumb\",\"itemListElement\":[{\"@type\":\"ListItem\",\"position\":1,\"name\":\"Home\",\"item\":\"https:\/\/woodbox.lv\/en\/\"},{\"@type\":\"ListItem\",\"position\":2,\"name\":\"Woodbox catalogue\",\"item\":\"https:\/\/woodbox.lv\/woodbox-katalogs\/\"},{\"@type\":\"ListItem\",\"position\":3,\"name\":\"C-2\"}]},{\"@type\":\"WebSite\",\"@id\":\"https:\/\/woodbox.lv\/#website\",\"url\":\"https:\/\/woodbox.lv\/\",\"name\":\"WOODBOX.LV\",\"description\":\"Koka kastes un izstr\u0101d\u0101jumi\",\"publisher\":{\"@id\":\"https:\/\/woodbox.lv\/#organization\"},\"potentialAction\":[{\"@type\":\"SearchAction\",\"target\":{\"@type\":\"EntryPoint\",\"urlTemplate\":\"https:\/\/woodbox.lv\/?s={search_term_string}\"},\"query-input\":\"required name=search_term_string\"}],\"inLanguage\":\"en-US\"},{\"@type\":\"Organization\",\"@id\":\"https:\/\/woodbox.lv\/#organization\",\"name\":\"Woodbox\",\"url\":\"https:\/\/woodbox.lv\/\",\"logo\":{\"@type\":\"ImageObject\",\"inLanguage\":\"en-US\",\"@id\":\"https:\/\/woodbox.lv\/#\/schema\/logo\/image\/\",\"url\":\"https:\/\/woodbox.lv\/wp-content\/uploads\/2020\/05\/stills-logo.png\",\"contentUrl\":\"https:\/\/woodbox.lv\/wp-content\/uploads\/2020\/05\/stills-logo.png\",\"width\":200,\"height\":154,\"caption\":\"Woodbox\"},\"image\":{\"@id\":\"https:\/\/woodbox.lv\/#\/schema\/logo\/image\/\"},\"sameAs\":[\"https:\/\/www.facebook.com\/Woodbox-582625995100462\/\",\"https:\/\/www.instagram.com\/stillswoodbox\/\"]}]}<\/script>\n<!-- \/ Yoast SEO plugin. -->","yoast_head_json":{"title":"C-2 | WOODBOX.LV","description":"Koka kluc\u012b\u0161u kast\u012bte maz\u0101 (27 kluc\u012b\u0161i) Produkta kods: C2.  Rota\u013cas ar kluc\u012b\u0161iem att\u012bsta redzi, tausti un dzirdi, vienlaikus satv\u0113rienu un roku kust\u012bbu precizit\u0101ti, statisko l\u012bdzsvara izj\u016btu, telpisko orient\u0101ciju, acu un roku sadarb\u012bbu, lo\u0123isko dom\u0101\u0161anu, prasmi sistematiz\u0113t utt. Pied\u0101v\u0101jam kluc\u012b\u0161us ar\u012b kr\u0101sot\u0101s kast\u012bt\u0113s.  Izm\u0113rs 278x188x88 mm   L\u016bdzu, sazinieties ar mums par preces pieejam\u012bbu, izmantojot kontaktu formu vai ar\u012b caur epastu un telefonu.","robots":{"index":"index","follow":"follow","max-snippet":"max-snippet:-1","max-image-preview":"max-image-preview:large","max-video-preview":"max-video-preview:-1"},"canonical":"https:\/\/woodbox.lv\/produktu-katalogs\/koka-rotallietas\/c-2\/","og_locale":"en_US","og_type":"article","og_title":"C-2 | WOODBOX.LV","og_description":"Koka kluc\u012b\u0161u kast\u012bte maz\u0101 (27 kluc\u012b\u0161i) Produkta kods: C2.  Rota\u013cas ar kluc\u012b\u0161iem att\u012bsta redzi, tausti un dzirdi, vienlaikus satv\u0113rienu un roku kust\u012bbu precizit\u0101ti, statisko l\u012bdzsvara izj\u016btu, telpisko orient\u0101ciju, acu un roku sadarb\u012bbu, lo\u0123isko dom\u0101\u0161anu, prasmi sistematiz\u0113t utt. Pied\u0101v\u0101jam kluc\u012b\u0161us ar\u012b kr\u0101sot\u0101s kast\u012bt\u0113s.  Izm\u0113rs 278x188x88 mm   L\u016bdzu, sazinieties ar mums par preces pieejam\u012bbu, izmantojot kontaktu formu vai ar\u012b caur epastu un telefonu.","og_url":"https:\/\/woodbox.lv\/produktu-katalogs\/koka-rotallietas\/c-2\/","og_site_name":"WOODBOX.LV","article_publisher":"https:\/\/www.facebook.com\/Woodbox-582625995100462\/","article_modified_time":"2026-01-15T08:53:38+00:00","og_image":[{"width":1280,"height":854,"url":"https:\/\/woodbox.lv\/wp-content\/uploads\/2019\/01\/51-34-1280w.jpg","type":"image\/jpeg"}],"twitter_misc":{"Est. reading time":"1 minute"},"schema":{"@context":"https:\/\/schema.org","@graph":[{"@type":"WebPage","@id":"https:\/\/woodbox.lv\/produktu-katalogs\/koka-rotallietas\/c-2\/","url":"https:\/\/woodbox.lv\/produktu-katalogs\/koka-rotallietas\/c-2\/","name":"C-2 | WOODBOX.LV","isPartOf":{"@id":"https:\/\/woodbox.lv\/#website"},"datePublished":"2019-01-16T05:29:38+00:00","dateModified":"2026-01-15T08:53:38+00:00","description":"Koka kluc\u012b\u0161u kast\u012bte maz\u0101 (27 kluc\u012b\u0161i) Produkta kods: C2. Rota\u013cas ar kluc\u012b\u0161iem att\u012bsta redzi, tausti un dzirdi, vienlaikus satv\u0113rienu un roku kust\u012bbu precizit\u0101ti, statisko l\u012bdzsvara izj\u016btu, telpisko orient\u0101ciju, acu un roku sadarb\u012bbu, lo\u0123isko dom\u0101\u0161anu, prasmi sistematiz\u0113t utt. Pied\u0101v\u0101jam kluc\u012b\u0161us ar\u012b kr\u0101sot\u0101s kast\u012bt\u0113s. Izm\u0113rs 278x188x88 mm L\u016bdzu, sazinieties ar mums par preces pieejam\u012bbu, izmantojot kontaktu formu vai ar\u012b caur epastu un telefonu.","breadcrumb":{"@id":"https:\/\/woodbox.lv\/produktu-katalogs\/koka-rotallietas\/c-2\/#breadcrumb"},"inLanguage":"en-US","potentialAction":[{"@type":"ReadAction","target":["https:\/\/woodbox.lv\/produktu-katalogs\/koka-rotallietas\/c-2\/"]}]},{"@type":"BreadcrumbList","@id":"https:\/\/woodbox.lv\/produktu-katalogs\/koka-rotallietas\/c-2\/#breadcrumb","itemListElement":[{"@type":"ListItem","position":1,"name":"Home","item":"https:\/\/woodbox.lv\/en\/"},{"@type":"ListItem","position":2,"name":"Woodbox catalogue","item":"https:\/\/woodbox.lv\/woodbox-katalogs\/"},{"@type":"ListItem","position":3,"name":"C-2"}]},{"@type":"WebSite","@id":"https:\/\/woodbox.lv\/#website","url":"https:\/\/woodbox.lv\/","name":"WOODBOX.LV","description":"Koka kastes un izstr\u0101d\u0101jumi","publisher":{"@id":"https:\/\/woodbox.lv\/#organization"},"potentialAction":[{"@type":"SearchAction","target":{"@type":"EntryPoint","urlTemplate":"https:\/\/woodbox.lv\/?s={search_term_string}"},"query-input":"required name=search_term_string"}],"inLanguage":"en-US"},{"@type":"Organization","@id":"https:\/\/woodbox.lv\/#organization","name":"Woodbox","url":"https:\/\/woodbox.lv\/","logo":{"@type":"ImageObject","inLanguage":"en-US","@id":"https:\/\/woodbox.lv\/#\/schema\/logo\/image\/","url":"https:\/\/woodbox.lv\/wp-content\/uploads\/2020\/05\/stills-logo.png","contentUrl":"https:\/\/woodbox.lv\/wp-content\/uploads\/2020\/05\/stills-logo.png","width":200,"height":154,"caption":"Woodbox"},"image":{"@id":"https:\/\/woodbox.lv\/#\/schema\/logo\/image\/"},"sameAs":["https:\/\/www.facebook.com\/Woodbox-582625995100462\/","https:\/\/www.instagram.com\/stillswoodbox\/"]}]}},"_links":{"self":[{"href":"https:\/\/woodbox.lv\/en\/wp-json\/wp\/v2\/product\/430"}],"collection":[{"href":"https:\/\/woodbox.lv\/en\/wp-json\/wp\/v2\/product"}],"about":[{"href":"https:\/\/woodbox.lv\/en\/wp-json\/wp\/v2\/types\/product"}],"replies":[{"embeddable":true,"href":"https:\/\/woodbox.lv\/en\/wp-json\/wp\/v2\/comments?post=430"}],"wp:featuredmedia":[{"embeddable":true,"href":"https:\/\/woodbox.lv\/en\/wp-json\/wp\/v2\/media\/1223"}],"wp:attachment":[{"href":"https:\/\/woodbox.lv\/en\/wp-json\/wp\/v2\/media?parent=430"}],"wp:term":[{"taxonomy":"product_cat","embeddable":true,"href":"https:\/\/woodbox.lv\/en\/wp-json\/wp\/v2\/product_cat?post=430"},{"taxonomy":"product_tag","embeddable":true,"href":"https:\/\/woodbox.lv\/en\/wp-json\/wp\/v2\/product_tag?post=430"}],"curies":[{"name":"wp","href":"https:\/\/api.w.org\/{rel}","templated":true}]}}