{"id":3202,"date":"2019-01-16T07:29:38","date_gmt":"2019-01-16T05:29:38","guid":{"rendered":"https:\/\/woodbox.lv\/produktu-katalogs\/niet-gecategoriseerd\/c-2\/"},"modified":"2023-04-13T13:18:12","modified_gmt":"2023-04-13T10:18:12","slug":"c-2","status":"publish","type":"product","link":"https:\/\/woodbox.lv\/nl\/produktu-katalogs\/houten-speelgoed\/c-2\/","title":{"rendered":"C-2"},"content":{"rendered":"<section class=\"wpb-content-wrapper\"><p>[vc_row css=&#8221;.vc_custom_1589370483608{margin-bottom: 0px !important;background-color: #d0d2d1 !important;}&#8221;][vc_column css=&#8221;.vc_custom_1455196654006{margin-top: -23px !important;}&#8221;]<div id=\"fullwidth-block-69fdfd40b6338\" class=\"fullwidth-block clearfix\"  style=\"background-color: #f0f3f2;padding-top: 110px;padding-bottom: 30px;\"><script type=\"text\/javascript\">if (typeof(gem_fix_fullwidth_position) == \"function\") { gem_fix_fullwidth_position(document.getElementById(\"fullwidth-block-69fdfd40b6338\")); }<\/script><div class=\"fullwidth-block-inner\"><div class=\"container\">[vc_row_inner][vc_column_inner width=&#8221;1\/3&#8243;]<div class=\"gem-icon-with-text gem-icon-with-text-icon-size-medium disable-mobile-centered gem-icon-with-text-float-right gem-icon-with-text-flow\" ><div style=\"margin-bottom:0px;margin-top:0px; \" class=\"gem-icon-with-text-icon\"><div class=\"gem-icon gem-icon-pack-material gem-icon-size-medium  gem-icon-shape-square gem-simple-icon\"  style=\"opacity: 1;\"><div class=\"gem-icon-inner\" style=\"\"><span class=\"gem-icon-half-1\" style=\"color: #48455b;\"><span class=\"back-angle\">&#xf1e6;<\/span><\/span><span class=\"gem-icon-half-2\" style=\"color: #48455b;\"><span class=\"back-angle\">&#xf1e6;<\/span><\/span><\/div><\/div><\/div><div class=\"gem-icon-with-text-content\" ><div class=\"gem-icon-with-text-text\">[vc_column_text]<\/p>\n<h6><span class=\"light\">Hoe te kopen?<br \/>\n<\/span><\/h6>\n<p>[\/vc_column_text]<\/div><\/div><div class=\"clearboth\"><\/div><\/div>[vc_empty_space height=&#8221;15px&#8221;][vc_column_text css=&#8221;.vc_custom_1681380918602{padding-right: 70px !important;}&#8221;]Vul het contactformulier &#8220;BESTELLEN&#8221; in, voeg uw opmerkingen over afwerking en levering toe. Wij nemen overdag contact met u op &#8211; verduidelijk en bevestig de bestelling.[\/vc_column_text][vc_empty_space height=&#8221;40px&#8221;]<div class=\"gem-button-container gem-button-position-left thegem-button-69fdfd40b677d3565    \"  ><a class=\"gem-button gem-button-size-tiny gem-button-style-outline gem-button-text-weight-normal gem-button-border-2\" data-ll-effect=\"drop-right-without-wrap\" style=\"border-radius: 3px;border-color: #026a2b;color: #026a2b;\" onmouseleave=\"this.style.borderColor='#026a2b';this.style.backgroundColor='transparent';this.style.color='#026a2b';\" onmouseenter=\"this.style.backgroundColor='#026a2b';this.style.color='#ffffff';\" href=\"#popmake-1734\" target=\"_self\">Bevelen<\/a><\/div> <div class=\"clearboth\"><\/div><style>#thegem-divider-69fdfd40b683d {margin-top: 70px !important;}<\/style><div id=\"thegem-divider-69fdfd40b683d\" class=\"gem-divider  \" style=\"\" ><\/div>[\/vc_column_inner][vc_column_inner width=&#8221;1\/3&#8243;]<div class=\"gem-icon-with-text gem-icon-with-text-icon-size-medium disable-mobile-centered gem-icon-with-text-float-right gem-icon-with-text-flow\" ><div style=\"margin-bottom:0px;margin-top:0px; \" class=\"gem-icon-with-text-icon\"><div class=\"gem-icon gem-icon-pack-material gem-icon-size-medium  gem-icon-shape-square gem-simple-icon\"  style=\"opacity: 1;\"><div class=\"gem-icon-inner\" style=\"\"><span class=\"gem-icon-half-1\" style=\"color: #48455b;\"><span class=\"back-angle\">&#xf15e;<\/span><\/span><span class=\"gem-icon-half-2\" style=\"color: #48455b;\"><span class=\"back-angle\">&#xf15e;<\/span><\/span><\/div><\/div><\/div><div class=\"gem-icon-with-text-content\" ><div class=\"gem-icon-with-text-text\">[vc_column_text]<\/p>\n<div class=\"title-h6\"><span class=\"light\">Hoe te betalen?<br \/>\n<\/span><\/div>\n<p>[\/vc_column_text]<\/div><\/div><div class=\"clearboth\"><\/div><\/div>[vc_empty_space height=&#8221;15px&#8221;][vc_column_text css=&#8221;.vc_custom_1589371062870{padding-right: 70px !important;}&#8221;]Op het moment van de orderbevestiging kan de klant de goederen betalen via bankoverschrijving via internetbankieren (door de factuur te betalen).[\/vc_column_text][vc_empty_space height=&#8221;65px&#8221;]<div class=\"gem-button-container gem-button-position-left thegem-button-69fdfd40b6aac4161    \"  ><a title=\"Ieg\u0101de\" class=\"gem-button gem-button-size-tiny gem-button-style-outline gem-button-text-weight-normal gem-button-border-2\" data-ll-effect=\"drop-right-without-wrap\" style=\"border-radius: 3px;border-color: #026a2b;color: #026a2b;\" onmouseleave=\"this.style.borderColor='#026a2b';this.style.backgroundColor='transparent';this.style.color='#026a2b';\" onmouseenter=\"this.style.backgroundColor='#026a2b';this.style.color='#ffffff';\" href=\"https:\/\/woodbox.lv\/iegade\/\" target=\"_self\">Aankoop van een artikel<\/a><\/div> <div class=\"clearboth\"><\/div><style>#thegem-divider-69fdfd40b6b2e {margin-top: 70px !important;}<\/style><div id=\"thegem-divider-69fdfd40b6b2e\" class=\"gem-divider  \" style=\"\" ><\/div>[\/vc_column_inner][vc_column_inner width=&#8221;1\/3&#8243;]<div class=\"gem-icon-with-text gem-icon-with-text-icon-size-medium disable-mobile-centered gem-icon-with-text-float-right gem-icon-with-text-flow\" ><div style=\"margin-bottom:0px;margin-top:0px; \" class=\"gem-icon-with-text-icon\"><div class=\"gem-icon gem-icon-pack-material gem-icon-size-medium  gem-icon-shape-square gem-simple-icon\"  style=\"opacity: 1;\"><div class=\"gem-icon-inner\" style=\"\"><span class=\"gem-icon-half-1\" style=\"color: #48455b;\"><span class=\"back-angle\">&#xf582;<\/span><\/span><span class=\"gem-icon-half-2\" style=\"color: #48455b;\"><span class=\"back-angle\">&#xf582;<\/span><\/span><\/div><\/div><\/div><div class=\"gem-icon-with-text-content\" ><div class=\"gem-icon-with-text-text\">[vc_column_text]<\/p>\n<h6><span class=\"light\">levering van goederen<br \/>\n<\/span><\/h6>\n<p>[\/vc_column_text]<\/div><\/div><div class=\"clearboth\"><\/div><\/div>[vc_empty_space height=&#8221;15px&#8221;][vc_column_text css=&#8221;.vc_custom_1589371221607{padding-right: 70px !important;}&#8221;]Preces iesp\u0113jas sa\u0146emt pie mums ra\u017eotn\u0113 &#8211; Roce\u017eos, maz\u0101kas vien\u012bbas varam nos\u016bt\u012bt ar pakom\u0101tu starpniec\u012bbu, k\u0101 ar\u012b pied\u0101v\u0101jam kurjera pakalpojumus. Pas\u016btot, l\u016bdzu inform\u0113 par v\u0113lamo pieg\u0101des veidu.[\/vc_column_text][vc_empty_space height=&#8221;40px&#8221;]<div class=\"gem-button-container gem-button-position-left thegem-button-69fdfd40b6daa5251    \"  ><a title=\"Ieg\u0101de\" class=\"gem-button gem-button-size-tiny gem-button-style-outline gem-button-text-weight-normal gem-button-border-2\" data-ll-effect=\"drop-right-without-wrap\" style=\"border-radius: 3px;border-color: #026a2b;color: #026a2b;\" onmouseleave=\"this.style.borderColor='#026a2b';this.style.backgroundColor='transparent';this.style.color='#026a2b';\" onmouseenter=\"this.style.backgroundColor='#026a2b';this.style.color='#ffffff';\" href=\"https:\/\/woodbox.lv\/iegade\/\" target=\"_self\">Aankoop van een artikel<\/a><\/div> <div class=\"clearboth\"><\/div><style>#thegem-divider-69fdfd40b6e29 {margin-top: 70px !important;}<\/style><div id=\"thegem-divider-69fdfd40b6e29\" class=\"gem-divider  \" style=\"\" ><\/div>[\/vc_column_inner][\/vc_row_inner]<\/div><\/div><\/div>[\/vc_column][\/vc_row]<\/p>\n<\/section>","protected":false},"excerpt":{"rendered":"<p>Houten bakstenen doos klein (27 kubussen) Productcode: C2.<\/p>\n<p>Spelen met stenen ontwikkelt zicht, aanraking en gehoor, terwijl tegelijkertijd de nauwkeurigheid van grepen en handbewegingen, statisch evenwichtsgevoel, ruimtelijke ori\u00ebntatie, oog-handsamenwerking, logisch denken, het vermogen om te systematiseren, enz. We bieden ook bakstenen in beschilderde dozen.<\/p>\n<p>Afmeting 278x188x88 mm<\/p>\n<p>Neem contact met ons op over de beschikbaarheid van het product via het contactformulier of via e-mail en telefoon.<\/p>\n","protected":false},"featured_media":3203,"comment_status":"closed","ping_status":"closed","template":"","meta":[],"product_cat":[196],"product_tag":[274,275],"yoast_head":"<!-- This site is optimized with the Yoast SEO plugin v20.2.1 - https:\/\/yoast.com\/wordpress\/plugins\/seo\/ -->\n<title>C-2 | WOODBOX.LV<\/title>\n<meta name=\"description\" content=\"Houten bakstenen doos klein (27 kubussen) Productcode: C2.  Spelen met stenen ontwikkelt zicht, aanraking en gehoor, terwijl tegelijkertijd de nauwkeurigheid van grepen en handbewegingen, statisch evenwichtsgevoel, ruimtelijke ori\u00ebntatie, oog-handsamenwerking, logisch denken, het vermogen om te systematiseren, enz. We bieden ook bakstenen in beschilderde dozen.  Afmeting 278x188x88 mm  Neem contact met ons op over de beschikbaarheid van het product via het contactformulier of via e-mail en telefoon.\" \/>\n<meta name=\"robots\" content=\"index, follow, max-snippet:-1, max-image-preview:large, max-video-preview:-1\" \/>\n<link rel=\"canonical\" href=\"https:\/\/woodbox.lv\/produktu-katalogs\/koka-rotallietas\/c-2\/\" \/>\n<meta property=\"og:locale\" content=\"nl_NL\" \/>\n<meta property=\"og:type\" content=\"article\" \/>\n<meta property=\"og:title\" content=\"C-2 | WOODBOX.LV\" \/>\n<meta property=\"og:description\" content=\"Houten bakstenen doos klein (27 kubussen) Productcode: C2.  Spelen met stenen ontwikkelt zicht, aanraking en gehoor, terwijl tegelijkertijd de nauwkeurigheid van grepen en handbewegingen, statisch evenwichtsgevoel, ruimtelijke ori\u00ebntatie, oog-handsamenwerking, logisch denken, het vermogen om te systematiseren, enz. We bieden ook bakstenen in beschilderde dozen.  Afmeting 278x188x88 mm  Neem contact met ons op over de beschikbaarheid van het product via het contactformulier of via e-mail en telefoon.\" \/>\n<meta property=\"og:url\" content=\"https:\/\/woodbox.lv\/produktu-katalogs\/koka-rotallietas\/c-2\/\" \/>\n<meta property=\"og:site_name\" content=\"WOODBOX.LV\" \/>\n<meta property=\"article:publisher\" content=\"https:\/\/www.facebook.com\/Woodbox-582625995100462\/\" \/>\n<meta property=\"article:modified_time\" content=\"2023-04-13T10:18:12+00:00\" \/>\n<meta property=\"og:image\" content=\"https:\/\/woodbox.lv\/wp-content\/uploads\/2019\/01\/51-34-1280w.jpg\" \/>\n\t<meta property=\"og:image:width\" content=\"1280\" \/>\n\t<meta property=\"og:image:height\" content=\"854\" \/>\n\t<meta property=\"og:image:type\" content=\"image\/jpeg\" \/>\n<meta name=\"twitter:label1\" content=\"Geschatte leestijd\" \/>\n\t<meta name=\"twitter:data1\" content=\"2 minuten\" \/>\n<script type=\"application\/ld+json\" class=\"yoast-schema-graph\">{\"@context\":\"https:\/\/schema.org\",\"@graph\":[{\"@type\":\"WebPage\",\"@id\":\"https:\/\/woodbox.lv\/produktu-katalogs\/koka-rotallietas\/c-2\/\",\"url\":\"https:\/\/woodbox.lv\/produktu-katalogs\/koka-rotallietas\/c-2\/\",\"name\":\"C-2 | WOODBOX.LV\",\"isPartOf\":{\"@id\":\"https:\/\/woodbox.lv\/#website\"},\"datePublished\":\"2019-01-16T05:29:38+00:00\",\"dateModified\":\"2023-04-13T10:18:12+00:00\",\"description\":\"Houten bakstenen doos klein (27 kubussen) Productcode: C2. Spelen met stenen ontwikkelt zicht, aanraking en gehoor, terwijl tegelijkertijd de nauwkeurigheid van grepen en handbewegingen, statisch evenwichtsgevoel, ruimtelijke ori\u00ebntatie, oog-handsamenwerking, logisch denken, het vermogen om te systematiseren, enz. We bieden ook bakstenen in beschilderde dozen. Afmeting 278x188x88 mm Neem contact met ons op over de beschikbaarheid van het product via het contactformulier of via e-mail en telefoon.\",\"breadcrumb\":{\"@id\":\"https:\/\/woodbox.lv\/produktu-katalogs\/koka-rotallietas\/c-2\/#breadcrumb\"},\"inLanguage\":\"nl\",\"potentialAction\":[{\"@type\":\"ReadAction\",\"target\":[\"https:\/\/woodbox.lv\/produktu-katalogs\/koka-rotallietas\/c-2\/\"]}]},{\"@type\":\"BreadcrumbList\",\"@id\":\"https:\/\/woodbox.lv\/produktu-katalogs\/koka-rotallietas\/c-2\/#breadcrumb\",\"itemListElement\":[{\"@type\":\"ListItem\",\"position\":1,\"name\":\"Home\",\"item\":\"https:\/\/woodbox.lv\/nl\/\"},{\"@type\":\"ListItem\",\"position\":2,\"name\":\"Houten producten\",\"item\":\"https:\/\/woodbox.lv\/nl\/houten-producten\/\"},{\"@type\":\"ListItem\",\"position\":3,\"name\":\"C-2\"}]},{\"@type\":\"WebSite\",\"@id\":\"https:\/\/woodbox.lv\/#website\",\"url\":\"https:\/\/woodbox.lv\/\",\"name\":\"WOODBOX.LV\",\"description\":\"Koka kastes un izstr\u0101d\u0101jumi\",\"publisher\":{\"@id\":\"https:\/\/woodbox.lv\/#organization\"},\"potentialAction\":[{\"@type\":\"SearchAction\",\"target\":{\"@type\":\"EntryPoint\",\"urlTemplate\":\"https:\/\/woodbox.lv\/?s={search_term_string}\"},\"query-input\":\"required name=search_term_string\"}],\"inLanguage\":\"nl\"},{\"@type\":\"Organization\",\"@id\":\"https:\/\/woodbox.lv\/#organization\",\"name\":\"Woodbox\",\"url\":\"https:\/\/woodbox.lv\/\",\"logo\":{\"@type\":\"ImageObject\",\"inLanguage\":\"nl\",\"@id\":\"https:\/\/woodbox.lv\/#\/schema\/logo\/image\/\",\"url\":\"https:\/\/woodbox.lv\/wp-content\/uploads\/2020\/05\/stills-logo.png\",\"contentUrl\":\"https:\/\/woodbox.lv\/wp-content\/uploads\/2020\/05\/stills-logo.png\",\"width\":200,\"height\":154,\"caption\":\"Woodbox\"},\"image\":{\"@id\":\"https:\/\/woodbox.lv\/#\/schema\/logo\/image\/\"},\"sameAs\":[\"https:\/\/www.facebook.com\/Woodbox-582625995100462\/\",\"https:\/\/www.instagram.com\/stillswoodbox\/\"]}]}<\/script>\n<!-- \/ Yoast SEO plugin. -->","yoast_head_json":{"title":"C-2 | WOODBOX.LV","description":"Houten bakstenen doos klein (27 kubussen) Productcode: C2.  Spelen met stenen ontwikkelt zicht, aanraking en gehoor, terwijl tegelijkertijd de nauwkeurigheid van grepen en handbewegingen, statisch evenwichtsgevoel, ruimtelijke ori\u00ebntatie, oog-handsamenwerking, logisch denken, het vermogen om te systematiseren, enz. We bieden ook bakstenen in beschilderde dozen.  Afmeting 278x188x88 mm  Neem contact met ons op over de beschikbaarheid van het product via het contactformulier of via e-mail en telefoon.","robots":{"index":"index","follow":"follow","max-snippet":"max-snippet:-1","max-image-preview":"max-image-preview:large","max-video-preview":"max-video-preview:-1"},"canonical":"https:\/\/woodbox.lv\/produktu-katalogs\/koka-rotallietas\/c-2\/","og_locale":"nl_NL","og_type":"article","og_title":"C-2 | WOODBOX.LV","og_description":"Houten bakstenen doos klein (27 kubussen) Productcode: C2.  Spelen met stenen ontwikkelt zicht, aanraking en gehoor, terwijl tegelijkertijd de nauwkeurigheid van grepen en handbewegingen, statisch evenwichtsgevoel, ruimtelijke ori\u00ebntatie, oog-handsamenwerking, logisch denken, het vermogen om te systematiseren, enz. We bieden ook bakstenen in beschilderde dozen.  Afmeting 278x188x88 mm  Neem contact met ons op over de beschikbaarheid van het product via het contactformulier of via e-mail en telefoon.","og_url":"https:\/\/woodbox.lv\/produktu-katalogs\/koka-rotallietas\/c-2\/","og_site_name":"WOODBOX.LV","article_publisher":"https:\/\/www.facebook.com\/Woodbox-582625995100462\/","article_modified_time":"2023-04-13T10:18:12+00:00","og_image":[{"width":1280,"height":854,"url":"https:\/\/woodbox.lv\/wp-content\/uploads\/2019\/01\/51-34-1280w.jpg","type":"image\/jpeg"}],"twitter_misc":{"Geschatte leestijd":"2 minuten"},"schema":{"@context":"https:\/\/schema.org","@graph":[{"@type":"WebPage","@id":"https:\/\/woodbox.lv\/produktu-katalogs\/koka-rotallietas\/c-2\/","url":"https:\/\/woodbox.lv\/produktu-katalogs\/koka-rotallietas\/c-2\/","name":"C-2 | WOODBOX.LV","isPartOf":{"@id":"https:\/\/woodbox.lv\/#website"},"datePublished":"2019-01-16T05:29:38+00:00","dateModified":"2023-04-13T10:18:12+00:00","description":"Houten bakstenen doos klein (27 kubussen) Productcode: C2. Spelen met stenen ontwikkelt zicht, aanraking en gehoor, terwijl tegelijkertijd de nauwkeurigheid van grepen en handbewegingen, statisch evenwichtsgevoel, ruimtelijke ori\u00ebntatie, oog-handsamenwerking, logisch denken, het vermogen om te systematiseren, enz. We bieden ook bakstenen in beschilderde dozen. Afmeting 278x188x88 mm Neem contact met ons op over de beschikbaarheid van het product via het contactformulier of via e-mail en telefoon.","breadcrumb":{"@id":"https:\/\/woodbox.lv\/produktu-katalogs\/koka-rotallietas\/c-2\/#breadcrumb"},"inLanguage":"nl","potentialAction":[{"@type":"ReadAction","target":["https:\/\/woodbox.lv\/produktu-katalogs\/koka-rotallietas\/c-2\/"]}]},{"@type":"BreadcrumbList","@id":"https:\/\/woodbox.lv\/produktu-katalogs\/koka-rotallietas\/c-2\/#breadcrumb","itemListElement":[{"@type":"ListItem","position":1,"name":"Home","item":"https:\/\/woodbox.lv\/nl\/"},{"@type":"ListItem","position":2,"name":"Houten producten","item":"https:\/\/woodbox.lv\/nl\/houten-producten\/"},{"@type":"ListItem","position":3,"name":"C-2"}]},{"@type":"WebSite","@id":"https:\/\/woodbox.lv\/#website","url":"https:\/\/woodbox.lv\/","name":"WOODBOX.LV","description":"Koka kastes un izstr\u0101d\u0101jumi","publisher":{"@id":"https:\/\/woodbox.lv\/#organization"},"potentialAction":[{"@type":"SearchAction","target":{"@type":"EntryPoint","urlTemplate":"https:\/\/woodbox.lv\/?s={search_term_string}"},"query-input":"required name=search_term_string"}],"inLanguage":"nl"},{"@type":"Organization","@id":"https:\/\/woodbox.lv\/#organization","name":"Woodbox","url":"https:\/\/woodbox.lv\/","logo":{"@type":"ImageObject","inLanguage":"nl","@id":"https:\/\/woodbox.lv\/#\/schema\/logo\/image\/","url":"https:\/\/woodbox.lv\/wp-content\/uploads\/2020\/05\/stills-logo.png","contentUrl":"https:\/\/woodbox.lv\/wp-content\/uploads\/2020\/05\/stills-logo.png","width":200,"height":154,"caption":"Woodbox"},"image":{"@id":"https:\/\/woodbox.lv\/#\/schema\/logo\/image\/"},"sameAs":["https:\/\/www.facebook.com\/Woodbox-582625995100462\/","https:\/\/www.instagram.com\/stillswoodbox\/"]}]}},"_links":{"self":[{"href":"https:\/\/woodbox.lv\/nl\/wp-json\/wp\/v2\/product\/3202"}],"collection":[{"href":"https:\/\/woodbox.lv\/nl\/wp-json\/wp\/v2\/product"}],"about":[{"href":"https:\/\/woodbox.lv\/nl\/wp-json\/wp\/v2\/types\/product"}],"replies":[{"embeddable":true,"href":"https:\/\/woodbox.lv\/nl\/wp-json\/wp\/v2\/comments?post=3202"}],"wp:featuredmedia":[{"embeddable":true,"href":"https:\/\/woodbox.lv\/nl\/wp-json\/wp\/v2\/media\/3203"}],"wp:attachment":[{"href":"https:\/\/woodbox.lv\/nl\/wp-json\/wp\/v2\/media?parent=3202"}],"wp:term":[{"taxonomy":"product_cat","embeddable":true,"href":"https:\/\/woodbox.lv\/nl\/wp-json\/wp\/v2\/product_cat?post=3202"},{"taxonomy":"product_tag","embeddable":true,"href":"https:\/\/woodbox.lv\/nl\/wp-json\/wp\/v2\/product_tag?post=3202"}],"curies":[{"name":"wp","href":"https:\/\/api.w.org\/{rel}","templated":true}]}}