{"id":2441,"date":"2019-01-11T08:30:21","date_gmt":"2019-01-11T08:30:21","guid":{"rendered":"https:\/\/woodbox.lv\/contacts\/"},"modified":"2023-03-09T14:55:17","modified_gmt":"2023-03-09T12:55:17","slug":"kontakter","status":"publish","type":"page","link":"https:\/\/woodbox.lv\/sv\/kontakter\/","title":{"rendered":"Kontakter"},"content":{"rendered":"<section class=\"wpb-content-wrapper\"><p>[vc_row full_width=&#8221;stretch_row&#8221; css=&#8221;.vc_custom_1589274036895{margin-top: 30px !important;margin-bottom: 0px !important;padding-top: 0px !important;background-image: url(http:\/\/gprieks.lv\/wp-content\/uploads\/2018\/12\/2-4.jpg?id=738) !important;}&#8221;][vc_column width=&#8221;2\/3&#8243; css=&#8221;.vc_custom_1553779213800{padding-top: 0px !important;}&#8221;][vc_column_text css=&#8221;.vc_custom_1589883764807{padding-top: 20px !important;padding-bottom: 30px !important;}&#8221;]<\/p>\n<div class=\"title-h2\">vi kommer g\u00e4rna att genomf\u00f6ra dina \u00f6nskem\u00e5l! Kontakta woodbox!<\/div>\n<p>[\/vc_column_text][vc_column_text]<\/p>\n<div class=\"styled-subtitle\" style=\"text-align: left;\">V\u00e4lj den produkt du gillar fr\u00e5n v\u00e5rt brett sortiment av produkter eller kontakta oss &#8211; vi hittar definitivt den l\u00f6sning du vill ha!<\/div>\n<p>[\/vc_column_text]<div class=\"clearboth\"><\/div><style>#thegem-divider-69e5fceb8675b {margin-top: 30px !important;}<\/style><div id=\"thegem-divider-69e5fceb8675b\" class=\"gem-divider  divider-hidden\" style=\"\" ><\/div>\n<div class=\"wpcf7 no-js\" id=\"wpcf7-f2479-o1\" lang=\"sv-SE\" dir=\"ltr\">\n<div class=\"screen-reader-response\"><p role=\"status\" aria-live=\"polite\" aria-atomic=\"true\"><\/p> <ul><\/ul><\/div>\n<form action=\"\/sv\/wp-json\/wp\/v2\/pages\/2441#wpcf7-f2479-o1\" method=\"post\" class=\"wpcf7-form init\" aria-label=\"Kontaktformul\u00e4r\" novalidate=\"novalidate\" data-status=\"init\">\n<div style=\"display: none;\">\n<input type=\"hidden\" name=\"_wpcf7\" value=\"2479\" \/>\n<input type=\"hidden\" name=\"_wpcf7_version\" value=\"5.7.4\" \/>\n<input type=\"hidden\" name=\"_wpcf7_locale\" value=\"sv_SE\" \/>\n<input type=\"hidden\" name=\"_wpcf7_unit_tag\" value=\"wpcf7-f2479-o1\" \/>\n<input type=\"hidden\" name=\"_wpcf7_container_post\" value=\"0\" \/>\n<input type=\"hidden\" name=\"_wpcf7_posted_data_hash\" value=\"\" \/>\n<\/div>\n<div class=\"row\">\r\n\r\n\t<div class=\"form-line col-lg-4 col-md-4 col-xs-12\"><div class=\"gem-form-icon-name\"><span class=\"wpcf7-form-control-wrap\" data-name=\"your-name\"><input size=\"40\" class=\"wpcf7-form-control wpcf7-text wpcf7-validates-as-required\" aria-required=\"true\" aria-invalid=\"false\" placeholder=\"Ditt namn*\" value=\"\" type=\"text\" name=\"your-name\" \/><\/span><\/div><\/div>\r\n\r\n\t<div class=\"form-line col-lg-4 col-md-4 col-xs-12\"><div class=\"gem-form-icon-email\"><span class=\"wpcf7-form-control-wrap\" data-name=\"your-email\"><input size=\"40\" class=\"wpcf7-form-control wpcf7-text wpcf7-email wpcf7-validates-as-required wpcf7-validates-as-email\" aria-required=\"true\" aria-invalid=\"false\" placeholder=\"E-post*\" value=\"\" type=\"email\" name=\"your-email\" \/><\/span><\/div><\/div>\r\n\r\n<div class=\"form-line col-lg-4 col-md-4 col-xs-12\"><div class=\"gem-form-icon-phone\"><span class=\"wpcf7-form-control-wrap\" data-name=\"tel-330\"><input size=\"40\" class=\"wpcf7-form-control wpcf7-text wpcf7-tel wpcf7-validates-as-required wpcf7-validates-as-tel\" aria-required=\"true\" aria-invalid=\"false\" placeholder=\"Kontaktnummer*\" value=\"\" type=\"tel\" name=\"tel-330\" \/><\/span> <\/div><\/div>\r\n\r\n\t<div class=\"form-line col-lg-12 col-md-12 col-xs-12\"><span class=\"wpcf7-form-control-wrap\" data-name=\"your-message\"><textarea cols=\"40\" rows=\"10\" class=\"wpcf7-form-control wpcf7-textarea wpcf7-validates-as-required\" aria-required=\"true\" aria-invalid=\"false\" placeholder=\"Ditt meddelande\" name=\"your-message\"><\/textarea><\/span><\/div>\r\n\r\n\t<div class=\"col-lg-12 col-md-12 col-xs-12\"><input class=\"wpcf7-form-control has-spinner wpcf7-submit\" type=\"submit\" value=\"Skicka meddelande\" \/><\/div>\r\n\r\n<\/div><input type='hidden' class='wpcf7-pum' value='{\"closepopup\":false,\"closedelay\":0,\"openpopup\":false,\"openpopup_id\":0}' \/><div class=\"wpcf7-response-output\" aria-hidden=\"true\"><\/div>\n<\/form>\n<\/div>\n<div class=\"clearboth\"><\/div><style>#thegem-divider-69e5fceb87d58 {margin-top: 40px !important;}<\/style><div id=\"thegem-divider-69e5fceb87d58\" class=\"gem-divider  divider-hidden\" style=\"\" ><\/div>[\/vc_column][vc_column width=&#8221;1\/3&#8243;]<div class=\"lazy-loading\" data-ll-item-delay=\"0\"><div class=\"gem-textbox  lazy-loading-item\"  data-ll-effect=\"move-up\" ><div class=\"gem-textbox-inner\" style=\"border: 1px solid #dfe5e8;\"><div class=\"gem-textbox-content\" style=\"background-color: #ffffff;background-position: center top;\">[vc_column_text]<\/p>\n<div class=\"title-h5\"><span class=\"tlid-translation translation\" lang=\"sv\"><span class=\"\" title=\"\">Kontakter<\/span><\/span><\/div>\n<p>[\/vc_column_text][vc_separator color=&#8221;custom&#8221; align=&#8221;align_left&#8221; el_width=&#8221;20&#8243; css=&#8221;.vc_custom_1589884178508{margin-top: 22px !important;margin-bottom: 20px !important;}&#8221; accent_color=&#8221;#026a2b&#8221;]<div class=\"gem-icon-with-text gem-icon-with-text-icon-size-small\" ><div style=\"margin-bottom:0px;margin-top:0px; \" class=\"gem-icon-with-text-icon\"><div class=\"gem-icon gem-icon-pack-fontawesome gem-icon-size-small  gem-icon-shape-square gem-simple-icon\"  style=\"opacity: 1;\"><div class=\"gem-icon-inner\" style=\"\"><span class=\"gem-icon-half-1\" style=\"\"><span class=\"back-angle\">&#xf232;<\/span><\/span><span class=\"gem-icon-half-2\" style=\"\"><span class=\"back-angle\">&#xf232;<\/span><\/span><\/div><\/div><\/div><div class=\"gem-icon-with-text-content\" ><div class=\"gem-icon-with-text-text\">[vc_column_text css_animation=&#8221;none&#8221;]T. : <a href=\"tel:+37126008990\">\u00a0<\/a><a href=\"tel:0037122020505\">+371 22 020 505<\/a>[\/vc_column_text]<\/div><\/div><div class=\"clearboth\"><\/div><\/div><div class=\"gem-icon-with-text gem-icon-with-text-icon-size-small\" ><div style=\"margin-bottom:0px;margin-top:0px; \" class=\"gem-icon-with-text-icon\"><div class=\"gem-icon gem-icon-pack-fontawesome gem-icon-size-small  gem-icon-shape-square gem-simple-icon\"  style=\"opacity: 1;\"><div class=\"gem-icon-inner\" style=\"\"><span class=\"gem-icon-half-1\" style=\"\"><span class=\"back-angle\">&#xf003;<\/span><\/span><span class=\"gem-icon-half-2\" style=\"\"><span class=\"back-angle\">&#xf003;<\/span><\/span><\/div><\/div><\/div><div class=\"gem-icon-with-text-content\" ><div class=\"gem-icon-with-text-text\">[vc_column_text css_animation=&#8221;none&#8221;]E-post:<a href=\"mailto:info@woodbox.lv\" target=\"_self\" rel=\"noopener noreferrer\" data-content=\"info@gprieks.lv\" data-type=\"mail\"> info@woodbox.lv<\/a>[\/vc_column_text]<\/div><\/div><div class=\"clearboth\"><\/div><\/div><\/div><\/div><\/div><\/div><div class=\"lazy-loading\" data-ll-item-delay=\"0\"><div class=\"gem-textbox  lazy-loading-item\"  data-ll-effect=\"move-up\" ><div class=\"gem-textbox-inner\" style=\"border: 1px solid #dfe5e8;\"><div class=\"gem-textbox-content\" style=\"background-color: #ffffff;background-position: center top;\">[vc_column_text]<\/p>\n<div class=\"title-h5\">&#8221;Stills&#8221; Ltd.<\/div>\n<p>[\/vc_column_text][vc_separator color=&#8221;custom&#8221; align=&#8221;align_left&#8221; el_width=&#8221;20&#8243; css=&#8221;.vc_custom_1589884178508{margin-top: 22px !important;margin-bottom: 20px !important;}&#8221; accent_color=&#8221;#026a2b&#8221;][vc_column_text]&#8221;Di\u017eroce\u017ei&#8221;, Roce\u017ei, Laidzes pagasts,<br \/>\nTalsu novads, LV-3280, L<span class=\"tlid-translation translation\" lang=\"sv\"><span class=\"\" title=\"\">ettland<\/span><\/span>[\/vc_column_text]<\/div><\/div><\/div><\/div><div class=\"lazy-loading\" data-ll-item-delay=\"0\"><div class=\"gem-textbox  lazy-loading-item\"  data-ll-effect=\"move-up\" ><div class=\"gem-textbox-inner\" style=\"border: 1px solid #dfe5e8;\"><div class=\"gem-textbox-content\" style=\"background-color: #ffffff;background-position: center top;\">[vc_column_text]<\/p>\n<div class=\"title-h5\"><span class=\"tlid-translation translation\" lang=\"sv\"><span class=\"\" title=\"\">F\u00f6retagsinformation<\/span><\/span><\/div>\n<p>[\/vc_column_text][vc_separator color=&#8221;custom&#8221; align=&#8221;align_left&#8221; el_width=&#8221;20&#8243; css=&#8221;.vc_custom_1589884178508{margin-top: 22px !important;margin-bottom: 20px !important;}&#8221; accent_color=&#8221;#026a2b&#8221;][vc_column_text css_animation=&#8221;none&#8221;]Re\u0123.Nr.: 50003466531<br \/>\nPVN Nr.: LV50003466531<\/p>\n<p><strong>A\/S Citadele banka <\/strong><br \/>\nLV63 PARX 0013 2000 0000 1<strong><br \/>\n<\/strong><\/p>\n<p><strong>A\/S Swedbank <\/strong><br \/>\nLV54 HABA 0001 4080 5901 2[\/vc_column_text]<\/div><\/div><\/div><\/div>[\/vc_column][\/vc_row][vc_row full_width=&#8221;stretch_row_content_no_spaces&#8221; equal_height=&#8221;yes&#8221;][vc_column width=&#8221;1\/2&#8243; css=&#8221;.vc_custom_1589962081895{background-color: #d0d2d1 !important;}&#8221;]<div class=\"clearboth\"><\/div><style>#thegem-divider-69e5fceb8886b {margin-top: 80px !important;}<\/style><div id=\"thegem-divider-69e5fceb8886b\" class=\"gem-divider  \" style=\"\" ><\/div>[vc_column_text]<\/p>\n<div class=\"title-h1\" style=\"text-align: center;\">\n<p>se <span style=\"color: #026a2b;\">woodbox<\/span> produkter h\u00e4r liksom<\/div>\n<p>[\/vc_column_text]<div class=\"clearboth\"><\/div><style>#thegem-divider-69e5fceb8892f {margin-top: 30px !important;}<\/style><div id=\"thegem-divider-69e5fceb8892f\" class=\"gem-divider  \" style=\"\" ><\/div>[vc_column_text]<\/p>\n<p style=\"text-align: center;\"><span class=\"light\">I sociala n\u00e4tverk kommer vi att visa praktiska applikationer f\u00f6r Woodbox-l\u00e5dor och tr\u00e4produkter, bes\u00f6ka Woodbox-profiler och klicka p\u00e5 &#8221;F\u00f6lj&#8221;! Var den f\u00f6rsta att veta om nyheter och f\u00e4rska l\u00e5ddesign som du ocks\u00e5 kan anv\u00e4nda i ditt hem!<\/span><\/p>\n<p>[\/vc_column_text]<div class=\"clearboth\"><\/div><style>#thegem-divider-69e5fceb889f6 {margin-top: 80px !important;}<\/style><div id=\"thegem-divider-69e5fceb889f6\" class=\"gem-divider  \" style=\"\" ><\/div><div class=\"socials socials-list socials-colored-hover socials-rounded socials-alignment-center\"><a class=\"socials-item\" target=\"_blank\" href=\"https:\/\/www.facebook.com\/stillswoodbox\" style=\"color: #026a2b;\"><i class=\"socials-item-icon facebook\" style=\"font-size: 33px\"><\/i><\/a><a class=\"socials-item\" target=\"_blank\" href=\"https:\/\/www.instagram.com\/stillswoodbox\/\" style=\"color: #026a2b;\"><i class=\"socials-item-icon instagram\" style=\"font-size: 33px\"><\/i><\/a><\/div><div class=\"clearboth\"><\/div><style>#thegem-divider-69e5fceb88bbb {margin-top: 35px !important;}<\/style><div id=\"thegem-divider-69e5fceb88bbb\" class=\"gem-divider  divider-hidden\" style=\"\" ><\/div>[\/vc_column][vc_column width=&#8221;1\/2&#8243;][vc_gmaps link=&#8221;#E-8_JTNDaWZyYW1lJTIwc3JjJTNEJTIyaHR0cHMlM0ElMkYlMkZ3d3cuZ29vZ2xlLmNvbSUyRm1hcHMlMkZlbWJlZCUzRnBiJTNEJTIxMW0xOCUyMTFtMTIlMjExbTMlMjExZDIxNTYuNDIyMTI3MjA3NzMxJTIxMmQyMi42MzM0Nzc0MTYyNjU3MjMlMjEzZDU3LjI4MzU5MjA4MDk5MDM3JTIxMm0zJTIxMWYwJTIxMmYwJTIxM2YwJTIxM20yJTIxMWkxMDI0JTIxMmk3NjglMjE0ZjEzLjElMjEzbTMlMjExbTIlMjExczB4NDZlZTM4NWU1NjAxYWYyOSUyNTNBMHg3NTE3ZTM3OTliMzM5YjJjJTIxMnNTdGlsbHMlMjUyMCUyNTJDJTI1MjBTSUElMjE1ZTAlMjEzbTIlMjExc2VuJTIxMnNsdiUyMTR2MTU4OTk2MTkzMDA4MCUyMTVtMiUyMTFzZW4lMjEyc2x2JTIyJTIwd2lkdGglM0QlMjI2MDAlMjIlMjBoZWlnaHQlM0QlMjI0NTAlMjIlMjBmcmFtZWJvcmRlciUzRCUyMjAlMjIlMjBzdHlsZSUzRCUyMmJvcmRlciUzQTAlM0IlMjIlMjBhbGxvd2Z1bGxzY3JlZW4lM0QlMjIlMjIlMjBhcmlhLWhpZGRlbiUzRCUyMmZhbHNlJTIyJTIwdGFiaW5kZXglM0QlMjIwJTIyJTNFJTNDJTJGaWZyYW1lJTNF&#8221; size=&#8221;&#8221;][\/vc_column][\/vc_row]<\/p>\n<\/section>","protected":false},"excerpt":{"rendered":"<p>[vc_row full_width=&#8221;stretch_row&#8221; css=&#8221;.vc_custom_1589274036895{margin-top: 30px !important;margin-bottom: 0px !important;padding-top: 0px !important;background-image: url(http:\/\/gprieks.lv\/wp-content\/uploads\/2018\/12\/2-4.jpg?id=738) !important;}&#8221;][vc_column width=&#8221;2\/3&#8243; css=&#8221;.vc_custom_1553779213800{padding-top: 0px !important;}&#8221;][vc_column_text css=&#8221;.vc_custom_1589883764807{padding-top: 20px !important;padding-bottom: 30px !important;}&#8221;]&#8230;<\/p>\n","protected":false},"author":1,"featured_media":0,"parent":0,"menu_order":0,"comment_status":"closed","ping_status":"closed","template":"","meta":[],"yoast_head":"<!-- This site is optimized with the Yoast SEO plugin v20.2.1 - https:\/\/yoast.com\/wordpress\/plugins\/seo\/ -->\n<title>Kontakter | WOODBOX.LV<\/title>\n<meta name=\"description\" content=\"vi kommer g\u00e4rna att genomf\u00f6ra dina \u00f6nskem\u00e5l! Kontakta woodbox! V\u00e4lj den produkt du gillar fr\u00e5n v\u00e5rt brett sortiment av produkter eller kontakta oss - vi\" \/>\n<meta name=\"robots\" content=\"index, follow, max-snippet:-1, max-image-preview:large, max-video-preview:-1\" \/>\n<link rel=\"canonical\" href=\"https:\/\/woodbox.lv\/sv\/kontakter\/\" \/>\n<meta property=\"og:locale\" content=\"sv_SE\" \/>\n<meta property=\"og:type\" content=\"article\" \/>\n<meta property=\"og:title\" content=\"Kontakter | WOODBOX.LV\" \/>\n<meta property=\"og:description\" content=\"vi kommer g\u00e4rna att genomf\u00f6ra dina \u00f6nskem\u00e5l! Kontakta woodbox! V\u00e4lj den produkt du gillar fr\u00e5n v\u00e5rt brett sortiment av produkter eller kontakta oss - vi\" \/>\n<meta property=\"og:url\" content=\"https:\/\/woodbox.lv\/sv\/kontakter\/\" \/>\n<meta property=\"og:site_name\" content=\"WOODBOX.LV\" \/>\n<meta property=\"article:publisher\" content=\"https:\/\/www.facebook.com\/Woodbox-582625995100462\/\" \/>\n<meta property=\"article:modified_time\" content=\"2023-03-09T12:55:17+00:00\" \/>\n<meta property=\"og:image\" content=\"https:\/\/woodbox.lv\/wp-content\/uploads\/2020\/05\/Koka-kastes-un-kast\u012btes-1280w.jpg\" \/>\n\t<meta property=\"og:image:width\" content=\"1024\" \/>\n\t<meta property=\"og:image:height\" content=\"683\" \/>\n\t<meta property=\"og:image:type\" content=\"image\/jpeg\" \/>\n<meta name=\"twitter:label1\" content=\"Ber\u00e4knad l\u00e4stid\" \/>\n\t<meta name=\"twitter:data1\" content=\"3 minuter\" \/>\n<script type=\"application\/ld+json\" class=\"yoast-schema-graph\">{\"@context\":\"https:\/\/schema.org\",\"@graph\":[{\"@type\":\"WebPage\",\"@id\":\"https:\/\/woodbox.lv\/sv\/kontakter\/\",\"url\":\"https:\/\/woodbox.lv\/sv\/kontakter\/\",\"name\":\"Kontakter | WOODBOX.LV\",\"isPartOf\":{\"@id\":\"https:\/\/woodbox.lv\/#website\"},\"datePublished\":\"2019-01-11T08:30:21+00:00\",\"dateModified\":\"2023-03-09T12:55:17+00:00\",\"description\":\"vi kommer g\u00e4rna att genomf\u00f6ra dina \u00f6nskem\u00e5l! Kontakta woodbox! V\u00e4lj den produkt du gillar fr\u00e5n v\u00e5rt brett sortiment av produkter eller kontakta oss - vi\",\"breadcrumb\":{\"@id\":\"https:\/\/woodbox.lv\/sv\/kontakter\/#breadcrumb\"},\"inLanguage\":\"sv-SE\",\"potentialAction\":[{\"@type\":\"ReadAction\",\"target\":[\"https:\/\/woodbox.lv\/sv\/kontakter\/\"]}]},{\"@type\":\"BreadcrumbList\",\"@id\":\"https:\/\/woodbox.lv\/sv\/kontakter\/#breadcrumb\",\"itemListElement\":[{\"@type\":\"ListItem\",\"position\":1,\"name\":\"Home\",\"item\":\"https:\/\/woodbox.lv\/sv\/\"},{\"@type\":\"ListItem\",\"position\":2,\"name\":\"Kontakter\"}]},{\"@type\":\"WebSite\",\"@id\":\"https:\/\/woodbox.lv\/#website\",\"url\":\"https:\/\/woodbox.lv\/\",\"name\":\"WOODBOX.LV\",\"description\":\"Koka kastes un izstr\u0101d\u0101jumi\",\"publisher\":{\"@id\":\"https:\/\/woodbox.lv\/#organization\"},\"potentialAction\":[{\"@type\":\"SearchAction\",\"target\":{\"@type\":\"EntryPoint\",\"urlTemplate\":\"https:\/\/woodbox.lv\/?s={search_term_string}\"},\"query-input\":\"required name=search_term_string\"}],\"inLanguage\":\"sv-SE\"},{\"@type\":\"Organization\",\"@id\":\"https:\/\/woodbox.lv\/#organization\",\"name\":\"Woodbox\",\"url\":\"https:\/\/woodbox.lv\/\",\"logo\":{\"@type\":\"ImageObject\",\"inLanguage\":\"sv-SE\",\"@id\":\"https:\/\/woodbox.lv\/#\/schema\/logo\/image\/\",\"url\":\"https:\/\/woodbox.lv\/wp-content\/uploads\/2020\/05\/stills-logo.png\",\"contentUrl\":\"https:\/\/woodbox.lv\/wp-content\/uploads\/2020\/05\/stills-logo.png\",\"width\":200,\"height\":154,\"caption\":\"Woodbox\"},\"image\":{\"@id\":\"https:\/\/woodbox.lv\/#\/schema\/logo\/image\/\"},\"sameAs\":[\"https:\/\/www.facebook.com\/Woodbox-582625995100462\/\",\"https:\/\/www.instagram.com\/stillswoodbox\/\"]}]}<\/script>\n<!-- \/ Yoast SEO plugin. -->","yoast_head_json":{"title":"Kontakter | WOODBOX.LV","description":"vi kommer g\u00e4rna att genomf\u00f6ra dina \u00f6nskem\u00e5l! Kontakta woodbox! V\u00e4lj den produkt du gillar fr\u00e5n v\u00e5rt brett sortiment av produkter eller kontakta oss - vi","robots":{"index":"index","follow":"follow","max-snippet":"max-snippet:-1","max-image-preview":"max-image-preview:large","max-video-preview":"max-video-preview:-1"},"canonical":"https:\/\/woodbox.lv\/sv\/kontakter\/","og_locale":"sv_SE","og_type":"article","og_title":"Kontakter | WOODBOX.LV","og_description":"vi kommer g\u00e4rna att genomf\u00f6ra dina \u00f6nskem\u00e5l! Kontakta woodbox! V\u00e4lj den produkt du gillar fr\u00e5n v\u00e5rt brett sortiment av produkter eller kontakta oss - vi","og_url":"https:\/\/woodbox.lv\/sv\/kontakter\/","og_site_name":"WOODBOX.LV","article_publisher":"https:\/\/www.facebook.com\/Woodbox-582625995100462\/","article_modified_time":"2023-03-09T12:55:17+00:00","og_image":[{"width":1024,"height":683,"url":"https:\/\/woodbox.lv\/wp-content\/uploads\/2020\/05\/Koka-kastes-un-kast\u012btes-1280w.jpg","type":"image\/jpeg"}],"twitter_misc":{"Ber\u00e4knad l\u00e4stid":"3 minuter"},"schema":{"@context":"https:\/\/schema.org","@graph":[{"@type":"WebPage","@id":"https:\/\/woodbox.lv\/sv\/kontakter\/","url":"https:\/\/woodbox.lv\/sv\/kontakter\/","name":"Kontakter | WOODBOX.LV","isPartOf":{"@id":"https:\/\/woodbox.lv\/#website"},"datePublished":"2019-01-11T08:30:21+00:00","dateModified":"2023-03-09T12:55:17+00:00","description":"vi kommer g\u00e4rna att genomf\u00f6ra dina \u00f6nskem\u00e5l! Kontakta woodbox! V\u00e4lj den produkt du gillar fr\u00e5n v\u00e5rt brett sortiment av produkter eller kontakta oss - vi","breadcrumb":{"@id":"https:\/\/woodbox.lv\/sv\/kontakter\/#breadcrumb"},"inLanguage":"sv-SE","potentialAction":[{"@type":"ReadAction","target":["https:\/\/woodbox.lv\/sv\/kontakter\/"]}]},{"@type":"BreadcrumbList","@id":"https:\/\/woodbox.lv\/sv\/kontakter\/#breadcrumb","itemListElement":[{"@type":"ListItem","position":1,"name":"Home","item":"https:\/\/woodbox.lv\/sv\/"},{"@type":"ListItem","position":2,"name":"Kontakter"}]},{"@type":"WebSite","@id":"https:\/\/woodbox.lv\/#website","url":"https:\/\/woodbox.lv\/","name":"WOODBOX.LV","description":"Koka kastes un izstr\u0101d\u0101jumi","publisher":{"@id":"https:\/\/woodbox.lv\/#organization"},"potentialAction":[{"@type":"SearchAction","target":{"@type":"EntryPoint","urlTemplate":"https:\/\/woodbox.lv\/?s={search_term_string}"},"query-input":"required name=search_term_string"}],"inLanguage":"sv-SE"},{"@type":"Organization","@id":"https:\/\/woodbox.lv\/#organization","name":"Woodbox","url":"https:\/\/woodbox.lv\/","logo":{"@type":"ImageObject","inLanguage":"sv-SE","@id":"https:\/\/woodbox.lv\/#\/schema\/logo\/image\/","url":"https:\/\/woodbox.lv\/wp-content\/uploads\/2020\/05\/stills-logo.png","contentUrl":"https:\/\/woodbox.lv\/wp-content\/uploads\/2020\/05\/stills-logo.png","width":200,"height":154,"caption":"Woodbox"},"image":{"@id":"https:\/\/woodbox.lv\/#\/schema\/logo\/image\/"},"sameAs":["https:\/\/www.facebook.com\/Woodbox-582625995100462\/","https:\/\/www.instagram.com\/stillswoodbox\/"]}]}},"_links":{"self":[{"href":"https:\/\/woodbox.lv\/sv\/wp-json\/wp\/v2\/pages\/2441"}],"collection":[{"href":"https:\/\/woodbox.lv\/sv\/wp-json\/wp\/v2\/pages"}],"about":[{"href":"https:\/\/woodbox.lv\/sv\/wp-json\/wp\/v2\/types\/page"}],"author":[{"embeddable":true,"href":"https:\/\/woodbox.lv\/sv\/wp-json\/wp\/v2\/users\/1"}],"replies":[{"embeddable":true,"href":"https:\/\/woodbox.lv\/sv\/wp-json\/wp\/v2\/comments?post=2441"}],"version-history":[{"count":1,"href":"https:\/\/woodbox.lv\/sv\/wp-json\/wp\/v2\/pages\/2441\/revisions"}],"predecessor-version":[{"id":3487,"href":"https:\/\/woodbox.lv\/sv\/wp-json\/wp\/v2\/pages\/2441\/revisions\/3487"}],"wp:attachment":[{"href":"https:\/\/woodbox.lv\/sv\/wp-json\/wp\/v2\/media?parent=2441"}],"curies":[{"name":"wp","href":"https:\/\/api.w.org\/{rel}","templated":true}]}}