{"id":3200,"date":"2019-01-16T07:29:38","date_gmt":"2019-01-16T05:29:38","guid":{"rendered":"https:\/\/woodbox.lv\/produktu-katalogs\/okategoriserad\/c-2\/"},"modified":"2023-04-13T13:13:16","modified_gmt":"2023-04-13T10:13:16","slug":"c-2","status":"publish","type":"product","link":"https:\/\/woodbox.lv\/sv\/produktu-katalogs\/traleksaker\/c-2\/","title":{"rendered":"C-2"},"content":{"rendered":"<section class=\"wpb-content-wrapper\"><p>[vc_row css=&#8221;.vc_custom_1589370483608{margin-bottom: 0px !important;background-color: #d0d2d1 !important;}&#8221;][vc_column css=&#8221;.vc_custom_1455196654006{margin-top: -23px !important;}&#8221;]<div id=\"fullwidth-block-69dfb2ee3b0cb\" class=\"fullwidth-block clearfix\"  style=\"background-color: #f0f3f2;padding-top: 110px;padding-bottom: 30px;\"><script type=\"text\/javascript\">if (typeof(gem_fix_fullwidth_position) == \"function\") { gem_fix_fullwidth_position(document.getElementById(\"fullwidth-block-69dfb2ee3b0cb\")); }<\/script><div class=\"fullwidth-block-inner\"><div class=\"container\">[vc_row_inner][vc_column_inner width=&#8221;1\/3&#8243;]<div class=\"gem-icon-with-text gem-icon-with-text-icon-size-medium disable-mobile-centered gem-icon-with-text-float-right gem-icon-with-text-flow\" ><div style=\"margin-bottom:0px;margin-top:0px; \" class=\"gem-icon-with-text-icon\"><div class=\"gem-icon gem-icon-pack-material gem-icon-size-medium  gem-icon-shape-square gem-simple-icon\"  style=\"opacity: 1;\"><div class=\"gem-icon-inner\" style=\"\"><span class=\"gem-icon-half-1\" style=\"color: #48455b;\"><span class=\"back-angle\">&#xf1e6;<\/span><\/span><span class=\"gem-icon-half-2\" style=\"color: #48455b;\"><span class=\"back-angle\">&#xf1e6;<\/span><\/span><\/div><\/div><\/div><div class=\"gem-icon-with-text-content\" ><div class=\"gem-icon-with-text-text\">[vc_column_text]<\/p>\n<h6><span class=\"light\">Hur man k\u00f6per?<br \/>\n<\/span><\/h6>\n<p>&nbsp;[\/vc_column_text]<\/div><\/div><div class=\"clearboth\"><\/div><\/div>[vc_empty_space height=&#8221;15px&#8221;][vc_column_text css=&#8221;.vc_custom_1589371151292{padding-right: 70px !important;}&#8221;]Fyll i kontaktformul\u00e4ret &#8221;BEST\u00c4LL&#8221;, l\u00e4gg till dina kommentarer om efterbehandling och leverans. Vi kommer att kontakta dig under dagen &#8211; f\u00f6rtydliga och bekr\u00e4fta best\u00e4llningen.[\/vc_column_text][vc_empty_space height=&#8221;40px&#8221;]<div class=\"gem-button-container gem-button-position-left thegem-button-69dfb2ee3b5361281    \"  ><a class=\"gem-button gem-button-size-tiny gem-button-style-outline gem-button-text-weight-normal gem-button-border-2\" data-ll-effect=\"drop-right-without-wrap\" style=\"border-radius: 3px;border-color: #026a2b;color: #026a2b;\" onmouseleave=\"this.style.borderColor='#026a2b';this.style.backgroundColor='transparent';this.style.color='#026a2b';\" onmouseenter=\"this.style.backgroundColor='#026a2b';this.style.color='#ffffff';\" href=\"#popmake-1734\" target=\"_self\">Ordning<\/a><\/div> <div class=\"clearboth\"><\/div><style>#thegem-divider-69dfb2ee3b5ce {margin-top: 70px !important;}<\/style><div id=\"thegem-divider-69dfb2ee3b5ce\" class=\"gem-divider  \" style=\"\" ><\/div>[\/vc_column_inner][vc_column_inner width=&#8221;1\/3&#8243;]<div class=\"gem-icon-with-text gem-icon-with-text-icon-size-medium disable-mobile-centered gem-icon-with-text-float-right gem-icon-with-text-flow\" ><div style=\"margin-bottom:0px;margin-top:0px; \" class=\"gem-icon-with-text-icon\"><div class=\"gem-icon gem-icon-pack-material gem-icon-size-medium  gem-icon-shape-square gem-simple-icon\"  style=\"opacity: 1;\"><div class=\"gem-icon-inner\" style=\"\"><span class=\"gem-icon-half-1\" style=\"color: #48455b;\"><span class=\"back-angle\">&#xf15e;<\/span><\/span><span class=\"gem-icon-half-2\" style=\"color: #48455b;\"><span class=\"back-angle\">&#xf15e;<\/span><\/span><\/div><\/div><\/div><div class=\"gem-icon-with-text-content\" ><div class=\"gem-icon-with-text-text\">[vc_column_text]<\/p>\n<div class=\"title-h6\"><span class=\"light\">Hur man betalar?<br \/>\n<\/span><\/div>\n<p>&nbsp;[\/vc_column_text]<\/div><\/div><div class=\"clearboth\"><\/div><\/div>[vc_empty_space height=&#8221;15px&#8221;][vc_column_text css=&#8221;.vc_custom_1589371062870{padding-right: 70px !important;}&#8221;]<span class=\"\" title=\"\">Efter att du har bekr\u00e4ftat best\u00e4llningen, kommer du att f\u00e5 en faktura f\u00f6r den valda produkten och, om n\u00f6dv\u00e4ndigt, leveranskostnader, samt komma \u00f6verens om tid f\u00f6r tillverkning av produkten.<\/span>[\/vc_column_text][vc_empty_space height=&#8221;40px&#8221;]<div class=\"gem-button-container gem-button-position-left thegem-button-69dfb2ee3b89a3933    \"  ><a title=\"Ieg\u0101de\" class=\"gem-button gem-button-size-tiny gem-button-style-outline gem-button-text-weight-normal gem-button-border-2\" data-ll-effect=\"drop-right-without-wrap\" style=\"border-radius: 3px;border-color: #026a2b;color: #026a2b;\" onmouseleave=\"this.style.borderColor='#026a2b';this.style.backgroundColor='transparent';this.style.color='#026a2b';\" onmouseenter=\"this.style.backgroundColor='#026a2b';this.style.color='#ffffff';\" href=\"https:\/\/woodbox.lv\/iegade\/\" target=\"_self\">K\u00f6p av en vara<\/a><\/div> <div class=\"clearboth\"><\/div><style>#thegem-divider-69dfb2ee3b91c {margin-top: 70px !important;}<\/style><div id=\"thegem-divider-69dfb2ee3b91c\" class=\"gem-divider  \" style=\"\" ><\/div>[\/vc_column_inner][vc_column_inner width=&#8221;1\/3&#8243;]<div class=\"gem-icon-with-text gem-icon-with-text-icon-size-medium disable-mobile-centered gem-icon-with-text-float-right gem-icon-with-text-flow\" ><div style=\"margin-bottom:0px;margin-top:0px; \" class=\"gem-icon-with-text-icon\"><div class=\"gem-icon gem-icon-pack-material gem-icon-size-medium  gem-icon-shape-square gem-simple-icon\"  style=\"opacity: 1;\"><div class=\"gem-icon-inner\" style=\"\"><span class=\"gem-icon-half-1\" style=\"color: #48455b;\"><span class=\"back-angle\">&#xf582;<\/span><\/span><span class=\"gem-icon-half-2\" style=\"color: #48455b;\"><span class=\"back-angle\">&#xf582;<\/span><\/span><\/div><\/div><\/div><div class=\"gem-icon-with-text-content\" ><div class=\"gem-icon-with-text-text\">[vc_column_text]<\/p>\n<h6><span class=\"light\">Leverans av varor<br \/>\n<\/span><\/h6>\n<p>&nbsp;[\/vc_column_text]<\/div><\/div><div class=\"clearboth\"><\/div><\/div>[vc_empty_space height=&#8221;15px&#8221;][vc_column_text css=&#8221;.vc_custom_1589371221607{padding-right: 70px !important;}&#8221;]Vi kan ta emot varor fr\u00e5n oss p\u00e5 fabriken &#8211; i Roce\u017ei kan vi skicka mindre enheter via paketmaskiner, liksom vi erbjuder budtj\u00e4nster. Vid best\u00e4llning, v\u00e4nligen informera om \u00f6nskat leveranss\u00e4tt.[\/vc_column_text][vc_empty_space height=&#8221;45px&#8221;]<div class=\"gem-button-container gem-button-position-left thegem-button-69dfb2ee3bbac1711    \"  ><a title=\"Ieg\u0101de\" class=\"gem-button gem-button-size-tiny gem-button-style-outline gem-button-text-weight-normal gem-button-border-2\" data-ll-effect=\"drop-right-without-wrap\" style=\"border-radius: 3px;border-color: #026a2b;color: #026a2b;\" onmouseleave=\"this.style.borderColor='#026a2b';this.style.backgroundColor='transparent';this.style.color='#026a2b';\" onmouseenter=\"this.style.backgroundColor='#026a2b';this.style.color='#ffffff';\" href=\"https:\/\/woodbox.lv\/iegade\/\" target=\"_self\">K\u00f6p av en vara<\/a><\/div> <div class=\"clearboth\"><\/div><style>#thegem-divider-69dfb2ee3bc29 {margin-top: 70px !important;}<\/style><div id=\"thegem-divider-69dfb2ee3bc29\" class=\"gem-divider  \" style=\"\" ><\/div>[\/vc_column_inner][\/vc_row_inner]<\/div><\/div><\/div>[\/vc_column][\/vc_row]<\/p>\n<\/section>","protected":false},"excerpt":{"rendered":"<p>Tr\u00e4l\u00e5da liten (27 kuber) Produktkod: C2.<\/p>\n<p>Att leka med klossar utvecklar syn, ber\u00f6ring och h\u00f6rsel, samtidigt som noggrannheten i grepp och handr\u00f6relser, statisk balanssinne, rumslig orientering, \u00f6ga-hand-samarbete, logiskt t\u00e4nkande, f\u00f6rm\u00e5gan att systematisera etc. Vi erbjuder \u00e4ven tegel i m\u00e5lade l\u00e5dor.<\/p>\n<p>Storlek 278x188x88 mm<\/p>\n<p>V\u00e4nligen kontakta oss om produktens tillg\u00e4nglighet via kontaktformul\u00e4ret eller via e-post och telefon.<\/p>\n","protected":false},"featured_media":3201,"comment_status":"closed","ping_status":"closed","template":"","meta":[],"product_cat":[214],"product_tag":[276,277],"yoast_head":"<!-- This site is optimized with the Yoast SEO plugin v20.2.1 - https:\/\/yoast.com\/wordpress\/plugins\/seo\/ -->\n<title>C-2 | WOODBOX.LV<\/title>\n<meta name=\"description\" content=\"Tr\u00e4l\u00e5da liten (27 kuber) Produktkod: C2.  Att leka med klossar utvecklar syn, ber\u00f6ring och h\u00f6rsel, samtidigt som noggrannheten i grepp och handr\u00f6relser, statisk balanssinne, rumslig orientering, \u00f6ga-hand-samarbete, logiskt t\u00e4nkande, f\u00f6rm\u00e5gan att systematisera etc. Vi erbjuder \u00e4ven tegel i m\u00e5lade l\u00e5dor.  Storlek 278x188x88 mm  V\u00e4nligen kontakta oss om produktens tillg\u00e4nglighet via kontaktformul\u00e4ret eller via e-post och telefon.\" \/>\n<meta name=\"robots\" content=\"index, follow, max-snippet:-1, max-image-preview:large, max-video-preview:-1\" \/>\n<link rel=\"canonical\" href=\"https:\/\/woodbox.lv\/produktu-katalogs\/koka-rotallietas\/c-2\/\" \/>\n<meta property=\"og:locale\" content=\"sv_SE\" \/>\n<meta property=\"og:type\" content=\"article\" \/>\n<meta property=\"og:title\" content=\"C-2 | WOODBOX.LV\" \/>\n<meta property=\"og:description\" content=\"Tr\u00e4l\u00e5da liten (27 kuber) Produktkod: C2.  Att leka med klossar utvecklar syn, ber\u00f6ring och h\u00f6rsel, samtidigt som noggrannheten i grepp och handr\u00f6relser, statisk balanssinne, rumslig orientering, \u00f6ga-hand-samarbete, logiskt t\u00e4nkande, f\u00f6rm\u00e5gan att systematisera etc. Vi erbjuder \u00e4ven tegel i m\u00e5lade l\u00e5dor.  Storlek 278x188x88 mm  V\u00e4nligen kontakta oss om produktens tillg\u00e4nglighet via kontaktformul\u00e4ret eller via e-post och telefon.\" \/>\n<meta property=\"og:url\" content=\"https:\/\/woodbox.lv\/produktu-katalogs\/koka-rotallietas\/c-2\/\" \/>\n<meta property=\"og:site_name\" content=\"WOODBOX.LV\" \/>\n<meta property=\"article:publisher\" content=\"https:\/\/www.facebook.com\/Woodbox-582625995100462\/\" \/>\n<meta property=\"article:modified_time\" content=\"2023-04-13T10:13:16+00:00\" \/>\n<meta property=\"og:image\" content=\"https:\/\/woodbox.lv\/wp-content\/uploads\/2019\/01\/51-34-1280w.jpg\" \/>\n\t<meta property=\"og:image:width\" content=\"1280\" \/>\n\t<meta property=\"og:image:height\" content=\"854\" \/>\n\t<meta property=\"og:image:type\" content=\"image\/jpeg\" \/>\n<meta name=\"twitter:label1\" content=\"Ber\u00e4knad l\u00e4stid\" \/>\n\t<meta name=\"twitter:data1\" content=\"2 minuter\" \/>\n<script type=\"application\/ld+json\" class=\"yoast-schema-graph\">{\"@context\":\"https:\/\/schema.org\",\"@graph\":[{\"@type\":\"WebPage\",\"@id\":\"https:\/\/woodbox.lv\/produktu-katalogs\/koka-rotallietas\/c-2\/\",\"url\":\"https:\/\/woodbox.lv\/produktu-katalogs\/koka-rotallietas\/c-2\/\",\"name\":\"C-2 | WOODBOX.LV\",\"isPartOf\":{\"@id\":\"https:\/\/woodbox.lv\/#website\"},\"datePublished\":\"2019-01-16T05:29:38+00:00\",\"dateModified\":\"2023-04-13T10:13:16+00:00\",\"description\":\"Tr\u00e4l\u00e5da liten (27 kuber) Produktkod: C2. Att leka med klossar utvecklar syn, ber\u00f6ring och h\u00f6rsel, samtidigt som noggrannheten i grepp och handr\u00f6relser, statisk balanssinne, rumslig orientering, \u00f6ga-hand-samarbete, logiskt t\u00e4nkande, f\u00f6rm\u00e5gan att systematisera etc. Vi erbjuder \u00e4ven tegel i m\u00e5lade l\u00e5dor. Storlek 278x188x88 mm V\u00e4nligen kontakta oss om produktens tillg\u00e4nglighet via kontaktformul\u00e4ret eller via e-post och telefon.\",\"breadcrumb\":{\"@id\":\"https:\/\/woodbox.lv\/produktu-katalogs\/koka-rotallietas\/c-2\/#breadcrumb\"},\"inLanguage\":\"sv-SE\",\"potentialAction\":[{\"@type\":\"ReadAction\",\"target\":[\"https:\/\/woodbox.lv\/produktu-katalogs\/koka-rotallietas\/c-2\/\"]}]},{\"@type\":\"BreadcrumbList\",\"@id\":\"https:\/\/woodbox.lv\/produktu-katalogs\/koka-rotallietas\/c-2\/#breadcrumb\",\"itemListElement\":[{\"@type\":\"ListItem\",\"position\":1,\"name\":\"Home\",\"item\":\"https:\/\/woodbox.lv\/sv\/\"},{\"@type\":\"ListItem\",\"position\":2,\"name\":\"Tr\u00e4produkter\",\"item\":\"https:\/\/woodbox.lv\/sv\/traprodukter\/\"},{\"@type\":\"ListItem\",\"position\":3,\"name\":\"C-2\"}]},{\"@type\":\"WebSite\",\"@id\":\"https:\/\/woodbox.lv\/#website\",\"url\":\"https:\/\/woodbox.lv\/\",\"name\":\"WOODBOX.LV\",\"description\":\"Koka kastes un izstr\u0101d\u0101jumi\",\"publisher\":{\"@id\":\"https:\/\/woodbox.lv\/#organization\"},\"potentialAction\":[{\"@type\":\"SearchAction\",\"target\":{\"@type\":\"EntryPoint\",\"urlTemplate\":\"https:\/\/woodbox.lv\/?s={search_term_string}\"},\"query-input\":\"required name=search_term_string\"}],\"inLanguage\":\"sv-SE\"},{\"@type\":\"Organization\",\"@id\":\"https:\/\/woodbox.lv\/#organization\",\"name\":\"Woodbox\",\"url\":\"https:\/\/woodbox.lv\/\",\"logo\":{\"@type\":\"ImageObject\",\"inLanguage\":\"sv-SE\",\"@id\":\"https:\/\/woodbox.lv\/#\/schema\/logo\/image\/\",\"url\":\"https:\/\/woodbox.lv\/wp-content\/uploads\/2020\/05\/stills-logo.png\",\"contentUrl\":\"https:\/\/woodbox.lv\/wp-content\/uploads\/2020\/05\/stills-logo.png\",\"width\":200,\"height\":154,\"caption\":\"Woodbox\"},\"image\":{\"@id\":\"https:\/\/woodbox.lv\/#\/schema\/logo\/image\/\"},\"sameAs\":[\"https:\/\/www.facebook.com\/Woodbox-582625995100462\/\",\"https:\/\/www.instagram.com\/stillswoodbox\/\"]}]}<\/script>\n<!-- \/ Yoast SEO plugin. -->","yoast_head_json":{"title":"C-2 | WOODBOX.LV","description":"Tr\u00e4l\u00e5da liten (27 kuber) Produktkod: C2.  Att leka med klossar utvecklar syn, ber\u00f6ring och h\u00f6rsel, samtidigt som noggrannheten i grepp och handr\u00f6relser, statisk balanssinne, rumslig orientering, \u00f6ga-hand-samarbete, logiskt t\u00e4nkande, f\u00f6rm\u00e5gan att systematisera etc. Vi erbjuder \u00e4ven tegel i m\u00e5lade l\u00e5dor.  Storlek 278x188x88 mm  V\u00e4nligen kontakta oss om produktens tillg\u00e4nglighet via kontaktformul\u00e4ret eller via e-post och telefon.","robots":{"index":"index","follow":"follow","max-snippet":"max-snippet:-1","max-image-preview":"max-image-preview:large","max-video-preview":"max-video-preview:-1"},"canonical":"https:\/\/woodbox.lv\/produktu-katalogs\/koka-rotallietas\/c-2\/","og_locale":"sv_SE","og_type":"article","og_title":"C-2 | WOODBOX.LV","og_description":"Tr\u00e4l\u00e5da liten (27 kuber) Produktkod: C2.  Att leka med klossar utvecklar syn, ber\u00f6ring och h\u00f6rsel, samtidigt som noggrannheten i grepp och handr\u00f6relser, statisk balanssinne, rumslig orientering, \u00f6ga-hand-samarbete, logiskt t\u00e4nkande, f\u00f6rm\u00e5gan att systematisera etc. Vi erbjuder \u00e4ven tegel i m\u00e5lade l\u00e5dor.  Storlek 278x188x88 mm  V\u00e4nligen kontakta oss om produktens tillg\u00e4nglighet via kontaktformul\u00e4ret eller via e-post och telefon.","og_url":"https:\/\/woodbox.lv\/produktu-katalogs\/koka-rotallietas\/c-2\/","og_site_name":"WOODBOX.LV","article_publisher":"https:\/\/www.facebook.com\/Woodbox-582625995100462\/","article_modified_time":"2023-04-13T10:13:16+00:00","og_image":[{"width":1280,"height":854,"url":"https:\/\/woodbox.lv\/wp-content\/uploads\/2019\/01\/51-34-1280w.jpg","type":"image\/jpeg"}],"twitter_misc":{"Ber\u00e4knad l\u00e4stid":"2 minuter"},"schema":{"@context":"https:\/\/schema.org","@graph":[{"@type":"WebPage","@id":"https:\/\/woodbox.lv\/produktu-katalogs\/koka-rotallietas\/c-2\/","url":"https:\/\/woodbox.lv\/produktu-katalogs\/koka-rotallietas\/c-2\/","name":"C-2 | WOODBOX.LV","isPartOf":{"@id":"https:\/\/woodbox.lv\/#website"},"datePublished":"2019-01-16T05:29:38+00:00","dateModified":"2023-04-13T10:13:16+00:00","description":"Tr\u00e4l\u00e5da liten (27 kuber) Produktkod: C2. Att leka med klossar utvecklar syn, ber\u00f6ring och h\u00f6rsel, samtidigt som noggrannheten i grepp och handr\u00f6relser, statisk balanssinne, rumslig orientering, \u00f6ga-hand-samarbete, logiskt t\u00e4nkande, f\u00f6rm\u00e5gan att systematisera etc. Vi erbjuder \u00e4ven tegel i m\u00e5lade l\u00e5dor. Storlek 278x188x88 mm V\u00e4nligen kontakta oss om produktens tillg\u00e4nglighet via kontaktformul\u00e4ret eller via e-post och telefon.","breadcrumb":{"@id":"https:\/\/woodbox.lv\/produktu-katalogs\/koka-rotallietas\/c-2\/#breadcrumb"},"inLanguage":"sv-SE","potentialAction":[{"@type":"ReadAction","target":["https:\/\/woodbox.lv\/produktu-katalogs\/koka-rotallietas\/c-2\/"]}]},{"@type":"BreadcrumbList","@id":"https:\/\/woodbox.lv\/produktu-katalogs\/koka-rotallietas\/c-2\/#breadcrumb","itemListElement":[{"@type":"ListItem","position":1,"name":"Home","item":"https:\/\/woodbox.lv\/sv\/"},{"@type":"ListItem","position":2,"name":"Tr\u00e4produkter","item":"https:\/\/woodbox.lv\/sv\/traprodukter\/"},{"@type":"ListItem","position":3,"name":"C-2"}]},{"@type":"WebSite","@id":"https:\/\/woodbox.lv\/#website","url":"https:\/\/woodbox.lv\/","name":"WOODBOX.LV","description":"Koka kastes un izstr\u0101d\u0101jumi","publisher":{"@id":"https:\/\/woodbox.lv\/#organization"},"potentialAction":[{"@type":"SearchAction","target":{"@type":"EntryPoint","urlTemplate":"https:\/\/woodbox.lv\/?s={search_term_string}"},"query-input":"required name=search_term_string"}],"inLanguage":"sv-SE"},{"@type":"Organization","@id":"https:\/\/woodbox.lv\/#organization","name":"Woodbox","url":"https:\/\/woodbox.lv\/","logo":{"@type":"ImageObject","inLanguage":"sv-SE","@id":"https:\/\/woodbox.lv\/#\/schema\/logo\/image\/","url":"https:\/\/woodbox.lv\/wp-content\/uploads\/2020\/05\/stills-logo.png","contentUrl":"https:\/\/woodbox.lv\/wp-content\/uploads\/2020\/05\/stills-logo.png","width":200,"height":154,"caption":"Woodbox"},"image":{"@id":"https:\/\/woodbox.lv\/#\/schema\/logo\/image\/"},"sameAs":["https:\/\/www.facebook.com\/Woodbox-582625995100462\/","https:\/\/www.instagram.com\/stillswoodbox\/"]}]}},"_links":{"self":[{"href":"https:\/\/woodbox.lv\/sv\/wp-json\/wp\/v2\/product\/3200"}],"collection":[{"href":"https:\/\/woodbox.lv\/sv\/wp-json\/wp\/v2\/product"}],"about":[{"href":"https:\/\/woodbox.lv\/sv\/wp-json\/wp\/v2\/types\/product"}],"replies":[{"embeddable":true,"href":"https:\/\/woodbox.lv\/sv\/wp-json\/wp\/v2\/comments?post=3200"}],"wp:featuredmedia":[{"embeddable":true,"href":"https:\/\/woodbox.lv\/sv\/wp-json\/wp\/v2\/media\/3201"}],"wp:attachment":[{"href":"https:\/\/woodbox.lv\/sv\/wp-json\/wp\/v2\/media?parent=3200"}],"wp:term":[{"taxonomy":"product_cat","embeddable":true,"href":"https:\/\/woodbox.lv\/sv\/wp-json\/wp\/v2\/product_cat?post=3200"},{"taxonomy":"product_tag","embeddable":true,"href":"https:\/\/woodbox.lv\/sv\/wp-json\/wp\/v2\/product_tag?post=3200"}],"curies":[{"name":"wp","href":"https:\/\/api.w.org\/{rel}","templated":true}]}}